{"id":15611,"date":"2024-02-23T13:24:43","date_gmt":"2024-02-23T03:24:43","guid":{"rendered":"https:\/\/puntacanascubadiving.com\/?post_type=product&#038;p=15611"},"modified":"2026-02-22T12:53:19","modified_gmt":"2026-02-22T16:53:19","slug":"charter-buceo-tarde-noche","status":"publish","type":"product","link":"https:\/\/puntacanascubadiving.com\/es\/producto\/charter-buceo-tarde-noche\/","title":{"rendered":"Buceo privado por la tarde y la noche en Bayahibe"},"content":{"rendered":"<div class=\"fusion-fullwidth fullwidth-box fusion-builder-row-1 fusion-flex-container has-pattern-background has-mask-background nonhundred-percent-fullwidth non-hundred-percent-height-scrolling\" style=\"--awb-border-radius-top-left:0px;--awb-border-radius-top-right:0px;--awb-border-radius-bottom-right:0px;--awb-border-radius-bottom-left:0px;--awb-padding-top:0px;--awb-padding-right:0px;--awb-padding-bottom:0px;--awb-padding-left:0px;--awb-background-color:var(--awb-color1);--awb-flex-wrap:wrap;\" ><div class=\"fusion-builder-row fusion-row fusion-flex-align-items-flex-start fusion-flex-content-wrap\" style=\"max-width:1248px;margin-left: calc(-4% \/ 2 );margin-right: calc(-4% \/ 2 );\"><div class=\"fusion-layout-column fusion_builder_column fusion-builder-column-0 fusion_builder_column_1_2 1_2 fusion-flex-column fusion-flex-align-self-stretch\" style=\"--awb-padding-top:30px;--awb-padding-right:30px;--awb-padding-bottom:30px;--awb-padding-left:30px;--awb-overflow:hidden;--awb-bg-color:#f2f5fa;--awb-bg-color-hover:#f2f5fa;--awb-bg-size:cover;--awb-border-radius:5px 5px 5px 5px;--awb-width-large:50%;--awb-margin-top-large:0px;--awb-spacing-right-large:3.84%;--awb-margin-bottom-large:20px;--awb-spacing-left-large:3.84%;--awb-width-medium:50%;--awb-order-medium:0;--awb-spacing-right-medium:3.84%;--awb-spacing-left-medium:3.84%;--awb-width-small:100%;--awb-order-small:0;--awb-spacing-right-small:1.92%;--awb-spacing-left-small:1.92%;\"><div class=\"fusion-column-wrapper fusion-column-has-shadow fusion-flex-justify-content-flex-start fusion-content-layout-column\"><div class=\"fusion-title title fusion-title-1 fusion-sep-none fusion-title-text fusion-title-size-four\"><h4 class=\"fusion-title-heading title-heading-left fusion-responsive-typography-calculated\" style=\"margin:0;--fontSize:24;line-height:var(--awb-typography1-line-height);\">Este es un tour de medio d\u00eda que incluye:<\/h4><\/div><div class=\"fusion-text fusion-text-1\"><ul>\n<li>2 inmersiones guiadas<\/li>\n<li>Todo el equipo de buceo (BCD, regulador, traje shorty de 3 mm, m\u00e1scara, snorkel, aletas, botellas y pesas)<\/li>\n<li>Transporte VIP privado desde y hacia el barco.<\/li>\n<li>Gu\u00eda de buceo privado<\/li>\n<li>Aperitivos y bebidas en el barco.<\/li>\n<\/ul>\n<\/div><\/div><\/div><div class=\"fusion-layout-column fusion_builder_column fusion-builder-column-1 fusion_builder_column_1_2 1_2 fusion-flex-column fusion-flex-align-self-stretch\" style=\"--awb-padding-top:30px;--awb-padding-right:30px;--awb-padding-bottom:30px;--awb-padding-left:30px;--awb-overflow:hidden;--awb-bg-color:#f2f5fa;--awb-bg-color-hover:#f2f5fa;--awb-bg-size:cover;--awb-border-radius:5px 5px 5px 5px;--awb-width-large:50%;--awb-margin-top-large:0px;--awb-spacing-right-large:3.84%;--awb-margin-bottom-large:20px;--awb-spacing-left-large:3.84%;--awb-width-medium:50%;--awb-order-medium:0;--awb-spacing-right-medium:3.84%;--awb-spacing-left-medium:3.84%;--awb-width-small:100%;--awb-order-small:0;--awb-spacing-right-small:1.92%;--awb-spacing-left-small:1.92%;\"><div class=\"fusion-column-wrapper fusion-column-has-shadow fusion-flex-justify-content-flex-start fusion-content-layout-column\"><div class=\"fusion-title title fusion-title-2 fusion-sep-none fusion-title-text fusion-title-size-four\"><h4 class=\"fusion-title-heading title-heading-left fusion-responsive-typography-calculated\" style=\"margin:0;--fontSize:24;line-height:var(--awb-typography1-line-height);\">\u00bfQu\u00e9 hace que este recorrido sea especial?<\/h4><\/div><div class=\"fusion-text fusion-text-2\"><ul>\n<li>Experimentar\u00e1s la emoci\u00f3n de bucear en la oscuridad.<\/li>\n<li>\u00a1Ser\u00e1s testigo de la magia de la bioluminiscencia!<\/li>\n<\/ul>\n<\/div><\/div><\/div><div class=\"fusion-layout-column fusion_builder_column fusion-builder-column-2 fusion_builder_column_1_1 1_1 fusion-flex-column\" style=\"--awb-bg-size:cover;--awb-width-large:100%;--awb-margin-top-large:0px;--awb-spacing-right-large:1.92%;--awb-margin-bottom-large:20px;--awb-spacing-left-large:1.92%;--awb-width-medium:100%;--awb-order-medium:0;--awb-spacing-right-medium:1.92%;--awb-spacing-left-medium:1.92%;--awb-width-small:100%;--awb-order-small:0;--awb-spacing-right-small:1.92%;--awb-spacing-left-small:1.92%;\"><div class=\"fusion-column-wrapper fusion-column-has-shadow fusion-flex-justify-content-flex-start fusion-content-layout-column\"><div class=\"fusion-text fusion-text-3\"><p>Adictos a la adrenalina, prep\u00e1rense! Nuestro buceo de tarde y noche en Bayahibe es para todos ustedes <a href=\"https:\/\/puntacanascubadiving.com\/es\/cursos\/curso-buceo-avanzado-aguas-abiertas\/\">Buceadores de nivel avanzado (Advanced Open Water Divers)<\/a> quienes aman la emoci\u00f3n de bucear en la oscuridad, con solo su linterna de buceo iluminando el camino.<\/p>\n<p>Nuestra primera inmersi\u00f3n se realizar\u00e1 al final de la tarde y la segunda inmersi\u00f3n lo har\u00e1 ingresar al agua justo cuando el sol se pone en el horizonte.<\/p>\n<p>El oc\u00e9ano es un lugar fabuloso por la noche, ya que muchas criaturas s\u00f3lo se aventuran a salir de noche. Entre nuestros favoritos se encuentran la estrella de mar serpiente de patas largas y el calamar de arrecife del Caribe, que parecen brillar en la oscuridad cuando la luz de la antorcha de buceo brilla en sus cuerpos transl\u00facidos.<\/p>\n<p>Siente la adrenalina mientras experimentas la madre naturaleza como no muchos otros tienen el privilegio de hacerlo.<\/p>\n<p>Por favor tenga en cuenta que usted\u00a0<b>DEBE<\/b>\u00a0poseer la\u00a0<a href=\"https:\/\/puntacanascubadiving.com\/es\/cursos-buceo-padi\/\"><b>Certificaci\u00f3n AVANZADA de Open Water Diver<\/b><\/a>\u00a0para poder participar en este tour.<\/p>\n<\/div><!-- FareHarbor calendar of item #607896 -->\n<script src=\"https:\/\/fareharbor.com\/embeds\/script\/calendar\/puntacanascubadiving\/items\/607896\/?fallback=simple&full-items=yes&flow=1334132\"><\/script>\n\n<script>\njQuery(document).ready(function($){\nvar fhCal = $('.fareharbor-calendar-wrap');\n$('.fusion-column-wrapper > .js > form').replaceWith(fhCal);\n});\n<\/script><\/div><\/div><div class=\"fusion-layout-column fusion_builder_column fusion-builder-column-3 fusion_builder_column_1_1 1_1 fusion-flex-column highlight-box\" style=\"--awb-padding-top:30px;--awb-padding-right:30px;--awb-padding-bottom:30px;--awb-padding-left:30px;--awb-padding-top-small:15px;--awb-padding-right-small:15px;--awb-padding-bottom-small:15px;--awb-padding-left-small:15px;--awb-overflow:hidden;--awb-bg-color:var(--awb-color3);--awb-bg-color-hover:var(--awb-color3);--awb-bg-size:cover;--awb-border-radius:3px 3px 3px 3px;--awb-width-large:100%;--awb-margin-top-large:0px;--awb-spacing-right-large:1.92%;--awb-margin-bottom-large:0px;--awb-spacing-left-large:1.92%;--awb-width-medium:100%;--awb-order-medium:0;--awb-spacing-right-medium:1.92%;--awb-spacing-left-medium:1.92%;--awb-width-small:100%;--awb-order-small:0;--awb-spacing-right-small:1.92%;--awb-margin-bottom-small:0;--awb-spacing-left-small:1.92%;\"><div class=\"fusion-column-wrapper fusion-column-has-shadow fusion-flex-justify-content-flex-start fusion-content-layout-column\"><div class=\"fusion-text fusion-text-4\" style=\"--awb-text-color:var(--awb-color1);\"><ul>\n<li>Si desea personalizar horarios y actividades, cont\u00e1ctenos y le enviaremos un presupuesto especial adaptado a sus necesidades.<\/li>\n<li>La hora normal de recogida es a las 2:00 p. m. y regresar\u00e1 a las 8:00 p. m. aproximadamente.<\/li>\n<\/ul>\n<\/div><\/div><\/div><\/div><\/div>","protected":false},"excerpt":{"rendered":"","protected":false},"author":6,"featured_media":15550,"menu_order":0,"template":"","format":"standard","meta":{"_acf_changed":false,"footnotes":""},"categories":[34,51],"tags":[],"class_list":["post-15611","product","type-product","status-publish","format-standard","has-post-thumbnail","hentry","category-diving","category-half-day-dive-charters"],"acf":[],"yoast_head":"<!-- This site is optimized with the Yoast SEO Premium plugin v25.0 (Yoast SEO v27.2) - https:\/\/yoast.com\/product\/yoast-seo-premium-wordpress\/ -->\n<title>Private Night Dive in Bayahibe | Punta Cana Scuba Diving<\/title>\n<meta name=\"description\" content=\"Calling all Advanced Open Water Divers who love the thrill of diving in the dark. Join us on a Private Afternoon &amp; Night dive in Bayahibe\" \/>\n<meta name=\"robots\" content=\"index, follow, max-snippet:-1, max-image-preview:large, max-video-preview:-1\" \/>\n<link rel=\"canonical\" href=\"https:\/\/puntacanascubadiving.com\/es\/producto\/charter-buceo-tarde-noche\/\" \/>\n<meta property=\"og:locale\" content=\"es_ES\" \/>\n<meta property=\"og:type\" content=\"article\" \/>\n<meta property=\"og:title\" content=\"Private Afternoon and Night dive in Bayahibe\" \/>\n<meta property=\"og:description\" content=\"Calling all Advanced Open Water Divers who love the thrill of diving in the dark. Join us on a Private Afternoon &amp; Night dive in Bayahibe\" \/>\n<meta property=\"og:url\" content=\"https:\/\/puntacanascubadiving.com\/es\/producto\/charter-buceo-tarde-noche\/\" \/>\n<meta property=\"og:site_name\" content=\"Punta Cana Scuba Diving\" \/>\n<meta property=\"article:publisher\" content=\"https:\/\/www.facebook.com\/puntacanascubadiving\" \/>\n<meta property=\"article:modified_time\" content=\"2026-02-22T16:53:19+00:00\" \/>\n<meta property=\"og:image\" content=\"https:\/\/puntacanascubadiving.com\/wp-content\/uploads\/2024\/02\/night-dive-charter-1.jpg\" \/>\n\t<meta property=\"og:image:width\" content=\"1800\" \/>\n\t<meta property=\"og:image:height\" content=\"1196\" \/>\n\t<meta property=\"og:image:type\" content=\"image\/jpeg\" \/>\n<meta name=\"twitter:card\" content=\"summary_large_image\" \/>\n<meta name=\"twitter:label1\" content=\"Est. reading time\" \/>\n\t<meta name=\"twitter:data1\" content=\"2 minutos\" \/>\n<script type=\"application\/ld+json\" class=\"yoast-schema-graph\">{\"@context\":\"https:\/\/schema.org\",\"@graph\":[{\"@type\":\"WebPage\",\"@id\":\"https:\/\/puntacanascubadiving.com\/product\/afternoon-and-night-dive-charter\/\",\"url\":\"https:\/\/puntacanascubadiving.com\/product\/afternoon-and-night-dive-charter\/\",\"name\":\"Private Night Dive in Bayahibe | Punta Cana Scuba Diving\",\"isPartOf\":{\"@id\":\"https:\/\/puntacanascubadiving.com\/#website\"},\"primaryImageOfPage\":{\"@id\":\"https:\/\/puntacanascubadiving.com\/product\/afternoon-and-night-dive-charter\/#primaryimage\"},\"image\":{\"@id\":\"https:\/\/puntacanascubadiving.com\/product\/afternoon-and-night-dive-charter\/#primaryimage\"},\"thumbnailUrl\":\"https:\/\/puntacanascubadiving.com\/wp-content\/uploads\/2024\/02\/night-dive-charter-1.jpg\",\"datePublished\":\"2024-02-23T03:24:43+00:00\",\"dateModified\":\"2026-02-22T16:53:19+00:00\",\"description\":\"Calling all Advanced Open Water Divers who love the thrill of diving in the dark. Join us on a Private Afternoon & Night dive in Bayahibe\",\"breadcrumb\":{\"@id\":\"https:\/\/puntacanascubadiving.com\/product\/afternoon-and-night-dive-charter\/#breadcrumb\"},\"inLanguage\":\"es-DO\",\"potentialAction\":[{\"@type\":\"ReadAction\",\"target\":[\"https:\/\/puntacanascubadiving.com\/product\/afternoon-and-night-dive-charter\/\"]}]},{\"@type\":\"ImageObject\",\"inLanguage\":\"es-DO\",\"@id\":\"https:\/\/puntacanascubadiving.com\/product\/afternoon-and-night-dive-charter\/#primaryimage\",\"url\":\"https:\/\/puntacanascubadiving.com\/wp-content\/uploads\/2024\/02\/night-dive-charter-1.jpg\",\"contentUrl\":\"https:\/\/puntacanascubadiving.com\/wp-content\/uploads\/2024\/02\/night-dive-charter-1.jpg\",\"width\":1800,\"height\":1196,\"caption\":\"night dive charter\"},{\"@type\":\"BreadcrumbList\",\"@id\":\"https:\/\/puntacanascubadiving.com\/product\/afternoon-and-night-dive-charter\/#breadcrumb\",\"itemListElement\":[{\"@type\":\"ListItem\",\"position\":1,\"name\":\"Home\",\"item\":\"https:\/\/puntacanascubadiving.com\/\"},{\"@type\":\"ListItem\",\"position\":2,\"name\":\"Private Afternoon and Night dive in Bayahibe\"}]},{\"@type\":\"WebSite\",\"@id\":\"https:\/\/puntacanascubadiving.com\/#website\",\"url\":\"https:\/\/puntacanascubadiving.com\/\",\"name\":\"Punta Cana Scuba Diving\",\"description\":\"An El Tour Caribe Company\",\"publisher\":{\"@id\":\"https:\/\/puntacanascubadiving.com\/#organization\"},\"potentialAction\":[{\"@type\":\"SearchAction\",\"target\":{\"@type\":\"EntryPoint\",\"urlTemplate\":\"https:\/\/puntacanascubadiving.com\/?s={search_term_string}\"},\"query-input\":{\"@type\":\"PropertyValueSpecification\",\"valueRequired\":true,\"valueName\":\"search_term_string\"}}],\"inLanguage\":\"es-DO\"},{\"@type\":\"Organization\",\"@id\":\"https:\/\/puntacanascubadiving.com\/#organization\",\"name\":\"Punta Cana Scuba Diving\",\"url\":\"https:\/\/puntacanascubadiving.com\/\",\"logo\":{\"@type\":\"ImageObject\",\"inLanguage\":\"es-DO\",\"@id\":\"https:\/\/puntacanascubadiving.com\/#\/schema\/logo\/image\/\",\"url\":\"https:\/\/puntacanascubadiving.com\/wp-content\/uploads\/2024\/02\/etc-logo-dark-with-blue-turtle-01-600-pxs.png\",\"contentUrl\":\"https:\/\/puntacanascubadiving.com\/wp-content\/uploads\/2024\/02\/etc-logo-dark-with-blue-turtle-01-600-pxs.png\",\"width\":600,\"height\":600,\"caption\":\"Punta Cana Scuba Diving\"},\"image\":{\"@id\":\"https:\/\/puntacanascubadiving.com\/#\/schema\/logo\/image\/\"},\"sameAs\":[\"https:\/\/www.facebook.com\/puntacanascubadiving\",\"https:\/\/www.instagram.com\/puntacanascubadiving\/\"]}]}<\/script>\n<!-- \/ Yoast SEO Premium plugin. -->","yoast_head_json":{"title":"Buceo Nocturno Privado en Bayahibe | Punta Cana Scuba Diving","description":"Llamando a todos los buceadores con certificaci\u00f3n Advanced Open Water. \u00danase a nosotros en un buceo privado de tarde y noche en Bayahibe.","robots":{"index":"index","follow":"follow","max-snippet":"max-snippet:-1","max-image-preview":"max-image-preview:large","max-video-preview":"max-video-preview:-1"},"canonical":"https:\/\/puntacanascubadiving.com\/es\/producto\/charter-buceo-tarde-noche\/","og_locale":"es_ES","og_type":"article","og_title":"Private Afternoon and Night dive in Bayahibe","og_description":"Calling all Advanced Open Water Divers who love the thrill of diving in the dark. Join us on a Private Afternoon & Night dive in Bayahibe","og_url":"https:\/\/puntacanascubadiving.com\/es\/producto\/charter-buceo-tarde-noche\/","og_site_name":"Punta Cana Scuba Diving","article_publisher":"https:\/\/www.facebook.com\/puntacanascubadiving","article_modified_time":"2026-02-22T16:53:19+00:00","og_image":[{"width":1800,"height":1196,"url":"https:\/\/puntacanascubadiving.com\/wp-content\/uploads\/2024\/02\/night-dive-charter-1.jpg","type":"image\/jpeg"}],"twitter_card":"summary_large_image","twitter_misc":{"Est. reading time":"2 minutos"},"schema":{"@context":"https:\/\/schema.org","@graph":[{"@type":"WebPage","@id":"https:\/\/puntacanascubadiving.com\/product\/afternoon-and-night-dive-charter\/","url":"https:\/\/puntacanascubadiving.com\/product\/afternoon-and-night-dive-charter\/","name":"Buceo Nocturno Privado en Bayahibe | Punta Cana Scuba Diving","isPartOf":{"@id":"https:\/\/puntacanascubadiving.com\/#website"},"primaryImageOfPage":{"@id":"https:\/\/puntacanascubadiving.com\/product\/afternoon-and-night-dive-charter\/#primaryimage"},"image":{"@id":"https:\/\/puntacanascubadiving.com\/product\/afternoon-and-night-dive-charter\/#primaryimage"},"thumbnailUrl":"https:\/\/puntacanascubadiving.com\/wp-content\/uploads\/2024\/02\/night-dive-charter-1.jpg","datePublished":"2024-02-23T03:24:43+00:00","dateModified":"2026-02-22T16:53:19+00:00","description":"Llamando a todos los buceadores con certificaci\u00f3n Advanced Open Water. \u00danase a nosotros en un buceo privado de tarde y noche en Bayahibe.","breadcrumb":{"@id":"https:\/\/puntacanascubadiving.com\/product\/afternoon-and-night-dive-charter\/#breadcrumb"},"inLanguage":"es-DO","potentialAction":[{"@type":"ReadAction","target":["https:\/\/puntacanascubadiving.com\/product\/afternoon-and-night-dive-charter\/"]}]},{"@type":"ImageObject","inLanguage":"es-DO","@id":"https:\/\/puntacanascubadiving.com\/product\/afternoon-and-night-dive-charter\/#primaryimage","url":"https:\/\/puntacanascubadiving.com\/wp-content\/uploads\/2024\/02\/night-dive-charter-1.jpg","contentUrl":"https:\/\/puntacanascubadiving.com\/wp-content\/uploads\/2024\/02\/night-dive-charter-1.jpg","width":1800,"height":1196,"caption":"night dive charter"},{"@type":"BreadcrumbList","@id":"https:\/\/puntacanascubadiving.com\/product\/afternoon-and-night-dive-charter\/#breadcrumb","itemListElement":[{"@type":"ListItem","position":1,"name":"Home","item":"https:\/\/puntacanascubadiving.com\/"},{"@type":"ListItem","position":2,"name":"Private Afternoon and Night dive in Bayahibe"}]},{"@type":"WebSite","@id":"https:\/\/puntacanascubadiving.com\/#website","url":"https:\/\/puntacanascubadiving.com\/","name":"Punta Cana Scuba Diving","description":"Una empresa de El Tour Caribe","publisher":{"@id":"https:\/\/puntacanascubadiving.com\/#organization"},"potentialAction":[{"@type":"SearchAction","target":{"@type":"EntryPoint","urlTemplate":"https:\/\/puntacanascubadiving.com\/?s={search_term_string}"},"query-input":{"@type":"PropertyValueSpecification","valueRequired":true,"valueName":"search_term_string"}}],"inLanguage":"es-DO"},{"@type":"Organization","@id":"https:\/\/puntacanascubadiving.com\/#organization","name":"Punta Cana Scuba Diving","url":"https:\/\/puntacanascubadiving.com\/","logo":{"@type":"ImageObject","inLanguage":"es-DO","@id":"https:\/\/puntacanascubadiving.com\/#\/schema\/logo\/image\/","url":"https:\/\/puntacanascubadiving.com\/wp-content\/uploads\/2024\/02\/etc-logo-dark-with-blue-turtle-01-600-pxs.png","contentUrl":"https:\/\/puntacanascubadiving.com\/wp-content\/uploads\/2024\/02\/etc-logo-dark-with-blue-turtle-01-600-pxs.png","width":600,"height":600,"caption":"Punta Cana Scuba Diving"},"image":{"@id":"https:\/\/puntacanascubadiving.com\/#\/schema\/logo\/image\/"},"sameAs":["https:\/\/www.facebook.com\/puntacanascubadiving","https:\/\/www.instagram.com\/puntacanascubadiving\/"]}]}},"_links":{"self":[{"href":"https:\/\/puntacanascubadiving.com\/es\/wp-json\/wp\/v2\/product\/15611","targetHints":{"allow":["GET"]}}],"collection":[{"href":"https:\/\/puntacanascubadiving.com\/es\/wp-json\/wp\/v2\/product"}],"about":[{"href":"https:\/\/puntacanascubadiving.com\/es\/wp-json\/wp\/v2\/types\/product"}],"author":[{"embeddable":true,"href":"https:\/\/puntacanascubadiving.com\/es\/wp-json\/wp\/v2\/users\/6"}],"version-history":[{"count":0,"href":"https:\/\/puntacanascubadiving.com\/es\/wp-json\/wp\/v2\/product\/15611\/revisions"}],"wp:featuredmedia":[{"embeddable":true,"href":"https:\/\/puntacanascubadiving.com\/es\/wp-json\/wp\/v2\/media\/15550"}],"wp:attachment":[{"href":"https:\/\/puntacanascubadiving.com\/es\/wp-json\/wp\/v2\/media?parent=15611"}],"wp:term":[{"taxonomy":"category","embeddable":true,"href":"https:\/\/puntacanascubadiving.com\/es\/wp-json\/wp\/v2\/categories?post=15611"},{"taxonomy":"post_tag","embeddable":true,"href":"https:\/\/puntacanascubadiving.com\/es\/wp-json\/wp\/v2\/tags?post=15611"}],"curies":[{"name":"wp","href":"https:\/\/api.w.org\/{rel}","templated":true}]}}