{"id":15608,"date":"2024-02-23T13:20:35","date_gmt":"2024-02-23T03:20:35","guid":{"rendered":"https:\/\/puntacanascubadiving.com\/?post_type=product&#038;p=15608"},"modified":"2025-02-12T19:14:37","modified_gmt":"2025-02-12T23:14:37","slug":"charter-buceo-medio-dia-2-tanques","status":"publish","type":"product","link":"https:\/\/puntacanascubadiving.com\/es\/producto\/charter-buceo-medio-dia-2-tanques\/","title":{"rendered":"Charter Privado de Buceo de Medio D\u00eda en Bayahibe"},"content":{"rendered":"<div class=\"fusion-fullwidth fullwidth-box fusion-builder-row-1 fusion-flex-container has-pattern-background has-mask-background nonhundred-percent-fullwidth non-hundred-percent-height-scrolling\" style=\"--awb-border-radius-top-left:0px;--awb-border-radius-top-right:0px;--awb-border-radius-bottom-right:0px;--awb-border-radius-bottom-left:0px;--awb-padding-top:0px;--awb-padding-right:0px;--awb-padding-bottom:0px;--awb-padding-left:0px;--awb-background-color:var(--awb-color1);--awb-flex-wrap:wrap;\" ><div class=\"fusion-builder-row fusion-row fusion-flex-align-items-flex-start fusion-flex-content-wrap\" style=\"max-width:1248px;margin-left: calc(-4% \/ 2 );margin-right: calc(-4% \/ 2 );\"><div class=\"fusion-layout-column fusion_builder_column fusion-builder-column-0 fusion_builder_column_1_2 1_2 fusion-flex-column fusion-flex-align-self-stretch\" style=\"--awb-padding-top:30px;--awb-padding-right:30px;--awb-padding-bottom:30px;--awb-padding-left:30px;--awb-overflow:hidden;--awb-bg-color:#f2f5fa;--awb-bg-color-hover:#f2f5fa;--awb-bg-size:cover;--awb-border-radius:5px 5px 5px 5px;--awb-width-large:50%;--awb-margin-top-large:0px;--awb-spacing-right-large:3.84%;--awb-margin-bottom-large:20px;--awb-spacing-left-large:3.84%;--awb-width-medium:50%;--awb-order-medium:0;--awb-spacing-right-medium:3.84%;--awb-spacing-left-medium:3.84%;--awb-width-small:100%;--awb-order-small:0;--awb-spacing-right-small:1.92%;--awb-spacing-left-small:1.92%;\"><div class=\"fusion-column-wrapper fusion-column-has-shadow fusion-flex-justify-content-flex-start fusion-content-layout-column\"><div class=\"fusion-title title fusion-title-1 fusion-sep-none fusion-title-text fusion-title-size-four\"><h4 class=\"fusion-title-heading title-heading-left fusion-responsive-typography-calculated\" style=\"margin:0;--fontSize:24;line-height:var(--awb-typography1-line-height);\">Nuestro Charter Privado de Buceo de Medio D\u00eda a Bayahibe incluye:<\/h4><\/div><div class=\"fusion-text fusion-text-1\"><ul>\n<li>2 inmersiones guiadas<\/li>\n<li>Todo el equipo de buceo (BCD, regulador, traje shorty de 3 mm, m\u00e1scara, snorkel, aletas, botellas y pesas)<\/li>\n<li>Transporte VIP privado desde y hacia el barco.<\/li>\n<li>Gu\u00eda de buceo privado<\/li>\n<li>Aperitivos y bebidas en el barco.<\/li>\n<\/ul>\n<\/div><\/div><\/div><div class=\"fusion-layout-column fusion_builder_column fusion-builder-column-1 fusion_builder_column_1_2 1_2 fusion-flex-column fusion-flex-align-self-stretch\" style=\"--awb-padding-top:30px;--awb-padding-right:30px;--awb-padding-bottom:30px;--awb-padding-left:30px;--awb-overflow:hidden;--awb-bg-color:#f2f5fa;--awb-bg-color-hover:#f2f5fa;--awb-bg-size:cover;--awb-border-radius:5px 5px 5px 5px;--awb-width-large:50%;--awb-margin-top-large:0px;--awb-spacing-right-large:3.84%;--awb-margin-bottom-large:20px;--awb-spacing-left-large:3.84%;--awb-width-medium:50%;--awb-order-medium:0;--awb-spacing-right-medium:3.84%;--awb-spacing-left-medium:3.84%;--awb-width-small:100%;--awb-order-small:0;--awb-spacing-right-small:1.92%;--awb-spacing-left-small:1.92%;\"><div class=\"fusion-column-wrapper fusion-column-has-shadow fusion-flex-justify-content-flex-start fusion-content-layout-column\"><div class=\"fusion-title title fusion-title-2 fusion-sep-none fusion-title-text fusion-title-size-four\"><h4 class=\"fusion-title-heading title-heading-left fusion-responsive-typography-calculated\" style=\"margin:0;--fontSize:24;line-height:var(--awb-typography1-line-height);\">\u00bfQu\u00e9 hace que este recorrido sea especial?<\/h4><\/div><div class=\"fusion-text fusion-text-2\"><ul>\n<li>Bucear\u00e1s en el parque nacional donde hay m\u00e1s vida marina.<\/li>\n<li>Su charter de buceo privado de medio d\u00eda con 2 tanques le permitir\u00e1 tiempos de fondo m\u00e1s largos que los tours grupales tradicionales.<\/li>\n<li>Visitar\u00e1 puntos de inmersi\u00f3n con menos buceadores.<\/li>\n<\/ul>\n<\/div><\/div><\/div><div class=\"fusion-layout-column fusion_builder_column fusion-builder-column-2 fusion_builder_column_1_1 1_1 fusion-flex-column\" style=\"--awb-bg-size:cover;--awb-width-large:100%;--awb-margin-top-large:0px;--awb-spacing-right-large:1.92%;--awb-margin-bottom-large:20px;--awb-spacing-left-large:1.92%;--awb-width-medium:100%;--awb-order-medium:0;--awb-spacing-right-medium:1.92%;--awb-spacing-left-medium:1.92%;--awb-width-small:100%;--awb-order-small:0;--awb-spacing-right-small:1.92%;--awb-spacing-left-small:1.92%;\"><div class=\"fusion-column-wrapper fusion-column-has-shadow fusion-flex-justify-content-flex-start fusion-content-layout-column\"><div class=\"fusion-text fusion-text-3\"><p>\u00bfBusca aprovechar el mejor buceo de la Rep\u00fablica Dominicana? \u00bfDesea bucear en el lado del Caribe sin tener que dedicar todo el d\u00eda? No busque m\u00e1s, este es el mejor Charter Privado de Buceo de Medio D\u00eda en Bayahibe.<\/p>\n<h4>\u00bfC\u00f3mo ser\u00e1 su d\u00eda?<\/h4>\n<p>Lo recogeremos en su hotel y lo trasladaremos a la costa del Mar Caribe, donde abordar\u00e1 su embarcaci\u00f3n privada. Tenga en cuenta que el tiempo de traslado es de aproximadamente 50 minutos desde la mayor\u00eda de los hoteles. Una vez que llegue a Bayahibe, bucear\u00e1 en algunos de los mejores puntos de inmersi\u00f3n de la Rep\u00fablica Dominicana.<\/p>\n<p>Con m\u00e1s de 25 puntos de inmersi\u00f3n para elegir, nuestro gu\u00eda de buceo estar\u00e1 encantado de personalizar las 2 inmersiones seg\u00fan sus intereses y nivel de experiencia. Ya sea una inmersi\u00f3n profunda en el naufragio St. George o un espectacular buceo en arrecife, lo tenemos todo disponible en este charter privado de medio d\u00eda a Bayahibe. Los puntos de buceo ser\u00e1n decididos por usted junto con el gu\u00eda la ma\u00f1ana del tour. La elecci\u00f3n final de los sitios depender\u00e1 de las condiciones del mar y de sus intereses.<\/p>\n<p>Lo mejor de todo es que su tiempo de inmersi\u00f3n estar\u00e1 limitado \u00fanicamente por su propio consumo de aire y por los l\u00edmites de seguridad; no por buceadores con menos experiencia que usted, como suele ocurrir en los grupos grandes de buceo.<\/p>\n<\/div><!-- FareHarbor calendar of item #607901 -->\n<script src=\"https:\/\/fareharbor.com\/embeds\/script\/calendar\/puntacanascubadiving\/items\/607901\/?fallback=simple&full-items=yes&flow=1334132\"><\/script>\n\n<script>\njQuery(document).ready(function($){\nvar fhCal = $('.fareharbor-calendar-wrap');\n$('.fusion-column-wrapper > .js > form').replaceWith(fhCal);\n});\n<\/script><\/div><\/div><div class=\"fusion-layout-column fusion_builder_column fusion-builder-column-3 fusion_builder_column_1_1 1_1 fusion-flex-column highlight-box\" style=\"--awb-padding-top:30px;--awb-padding-right:30px;--awb-padding-bottom:30px;--awb-padding-left:30px;--awb-padding-top-small:15px;--awb-padding-right-small:15px;--awb-padding-bottom-small:15px;--awb-padding-left-small:15px;--awb-overflow:hidden;--awb-bg-color:var(--awb-color3);--awb-bg-color-hover:var(--awb-color3);--awb-bg-size:cover;--awb-border-radius:3px 3px 3px 3px;--awb-width-large:100%;--awb-margin-top-large:0px;--awb-spacing-right-large:1.92%;--awb-margin-bottom-large:0px;--awb-spacing-left-large:1.92%;--awb-width-medium:100%;--awb-order-medium:0;--awb-spacing-right-medium:1.92%;--awb-spacing-left-medium:1.92%;--awb-width-small:100%;--awb-order-small:0;--awb-spacing-right-small:1.92%;--awb-margin-bottom-small:0;--awb-spacing-left-small:1.92%;\"><div class=\"fusion-column-wrapper fusion-column-has-shadow fusion-flex-justify-content-flex-start fusion-content-layout-column\"><div class=\"fusion-text fusion-text-4\" style=\"--awb-text-color:var(--awb-color1);\"><ul>\n<li>Si desea personalizar horarios y actividades, cont\u00e1ctenos y le enviaremos un presupuesto especial adaptado a sus necesidades.<\/li>\n<li>La hora normal de recogida es a las 8 a. m. y regresar\u00e1 aproximadamente a las 2 p. m.<\/li>\n<\/ul>\n<\/div><\/div><\/div><\/div><\/div>","protected":false},"excerpt":{"rendered":"","protected":false},"author":6,"featured_media":15552,"menu_order":0,"template":"","format":"standard","meta":{"_acf_changed":false,"footnotes":""},"categories":[51],"tags":[],"class_list":["post-15608","product","type-product","status-publish","format-standard","has-post-thumbnail","hentry","category-half-day-dive-charters"],"acf":[],"yoast_head":"<!-- This site is optimized with the Yoast SEO Premium plugin v25.0 (Yoast SEO v27.2) - https:\/\/yoast.com\/product\/yoast-seo-premium-wordpress\/ -->\n<title>Half Day Private Dive Charter Bayahibe | Punta Cana Scuba Diving<\/title>\n<meta name=\"description\" content=\"Experience the Best Private Half Day Dive Charter in Bayahibe and Explore the best dive sites. Enjoy longer bottom times &amp; VIP Service\" \/>\n<meta name=\"robots\" content=\"index, follow, max-snippet:-1, max-image-preview:large, max-video-preview:-1\" \/>\n<link rel=\"canonical\" href=\"https:\/\/puntacanascubadiving.com\/es\/producto\/charter-buceo-medio-dia-2-tanques\/\" \/>\n<meta property=\"og:locale\" content=\"es_ES\" \/>\n<meta property=\"og:type\" content=\"article\" \/>\n<meta property=\"og:title\" content=\"Half Day Private Dive Charter Bayahibe\" \/>\n<meta property=\"og:description\" content=\"Experience the Best Private Half Day Dive Charter in Bayahibe and Explore the best dive sites. Enjoy longer bottom times &amp; VIP Service\" \/>\n<meta property=\"og:url\" content=\"https:\/\/puntacanascubadiving.com\/es\/producto\/charter-buceo-medio-dia-2-tanques\/\" \/>\n<meta property=\"og:site_name\" content=\"Punta Cana Scuba Diving\" \/>\n<meta property=\"article:publisher\" content=\"https:\/\/www.facebook.com\/puntacanascubadiving\" \/>\n<meta property=\"article:modified_time\" content=\"2025-02-12T23:14:37+00:00\" \/>\n<meta property=\"og:image\" content=\"https:\/\/puntacanascubadiving.com\/wp-content\/uploads\/2024\/02\/Best-Saona-Island-Snorkeling-Charter.png\" \/>\n\t<meta property=\"og:image:width\" content=\"1000\" \/>\n\t<meta property=\"og:image:height\" content=\"750\" \/>\n\t<meta property=\"og:image:type\" content=\"image\/png\" \/>\n<meta name=\"twitter:card\" content=\"summary_large_image\" \/>\n<meta name=\"twitter:label1\" content=\"Est. reading time\" \/>\n\t<meta name=\"twitter:data1\" content=\"2 minutos\" \/>\n<script type=\"application\/ld+json\" class=\"yoast-schema-graph\">{\"@context\":\"https:\/\/schema.org\",\"@graph\":[{\"@type\":\"WebPage\",\"@id\":\"https:\/\/puntacanascubadiving.com\/product\/half-day-2-tank-dive-charter\/\",\"url\":\"https:\/\/puntacanascubadiving.com\/product\/half-day-2-tank-dive-charter\/\",\"name\":\"Half Day Private Dive Charter Bayahibe | Punta Cana Scuba Diving\",\"isPartOf\":{\"@id\":\"https:\/\/puntacanascubadiving.com\/#website\"},\"primaryImageOfPage\":{\"@id\":\"https:\/\/puntacanascubadiving.com\/product\/half-day-2-tank-dive-charter\/#primaryimage\"},\"image\":{\"@id\":\"https:\/\/puntacanascubadiving.com\/product\/half-day-2-tank-dive-charter\/#primaryimage\"},\"thumbnailUrl\":\"https:\/\/puntacanascubadiving.com\/wp-content\/uploads\/2024\/02\/best-saona-island-snorkeling-charter.png\",\"datePublished\":\"2024-02-23T03:20:35+00:00\",\"dateModified\":\"2025-02-12T23:14:37+00:00\",\"description\":\"Experience the Best Private Half Day Dive Charter in Bayahibe and Explore the best dive sites. Enjoy longer bottom times & VIP Service\",\"breadcrumb\":{\"@id\":\"https:\/\/puntacanascubadiving.com\/product\/half-day-2-tank-dive-charter\/#breadcrumb\"},\"inLanguage\":\"es-DO\",\"potentialAction\":[{\"@type\":\"ReadAction\",\"target\":[\"https:\/\/puntacanascubadiving.com\/product\/half-day-2-tank-dive-charter\/\"]}]},{\"@type\":\"ImageObject\",\"inLanguage\":\"es-DO\",\"@id\":\"https:\/\/puntacanascubadiving.com\/product\/half-day-2-tank-dive-charter\/#primaryimage\",\"url\":\"https:\/\/puntacanascubadiving.com\/wp-content\/uploads\/2024\/02\/best-saona-island-snorkeling-charter.png\",\"contentUrl\":\"https:\/\/puntacanascubadiving.com\/wp-content\/uploads\/2024\/02\/best-saona-island-snorkeling-charter.png\",\"width\":1000,\"height\":750,\"caption\":\"best saona island snorkeling charter\"},{\"@type\":\"BreadcrumbList\",\"@id\":\"https:\/\/puntacanascubadiving.com\/product\/half-day-2-tank-dive-charter\/#breadcrumb\",\"itemListElement\":[{\"@type\":\"ListItem\",\"position\":1,\"name\":\"Home\",\"item\":\"https:\/\/puntacanascubadiving.com\/\"},{\"@type\":\"ListItem\",\"position\":2,\"name\":\"Half Day Private Dive Charter Bayahibe\"}]},{\"@type\":\"WebSite\",\"@id\":\"https:\/\/puntacanascubadiving.com\/#website\",\"url\":\"https:\/\/puntacanascubadiving.com\/\",\"name\":\"Punta Cana Scuba Diving\",\"description\":\"An El Tour Caribe Company\",\"publisher\":{\"@id\":\"https:\/\/puntacanascubadiving.com\/#organization\"},\"potentialAction\":[{\"@type\":\"SearchAction\",\"target\":{\"@type\":\"EntryPoint\",\"urlTemplate\":\"https:\/\/puntacanascubadiving.com\/?s={search_term_string}\"},\"query-input\":{\"@type\":\"PropertyValueSpecification\",\"valueRequired\":true,\"valueName\":\"search_term_string\"}}],\"inLanguage\":\"es-DO\"},{\"@type\":\"Organization\",\"@id\":\"https:\/\/puntacanascubadiving.com\/#organization\",\"name\":\"Punta Cana Scuba Diving\",\"url\":\"https:\/\/puntacanascubadiving.com\/\",\"logo\":{\"@type\":\"ImageObject\",\"inLanguage\":\"es-DO\",\"@id\":\"https:\/\/puntacanascubadiving.com\/#\/schema\/logo\/image\/\",\"url\":\"https:\/\/puntacanascubadiving.com\/wp-content\/uploads\/2024\/02\/etc-logo-dark-with-blue-turtle-01-600-pxs.png\",\"contentUrl\":\"https:\/\/puntacanascubadiving.com\/wp-content\/uploads\/2024\/02\/etc-logo-dark-with-blue-turtle-01-600-pxs.png\",\"width\":600,\"height\":600,\"caption\":\"Punta Cana Scuba Diving\"},\"image\":{\"@id\":\"https:\/\/puntacanascubadiving.com\/#\/schema\/logo\/image\/\"},\"sameAs\":[\"https:\/\/www.facebook.com\/puntacanascubadiving\",\"https:\/\/www.instagram.com\/puntacanascubadiving\/\"]}]}<\/script>\n<!-- \/ Yoast SEO Premium plugin. -->","yoast_head_json":{"title":"Charter Privado de Medio D\u00eda de Buceo e Bayahibe","description":"Experimente el mejor Charter Privado de Buceo de Medio D\u00eda en Bayahibe.","robots":{"index":"index","follow":"follow","max-snippet":"max-snippet:-1","max-image-preview":"max-image-preview:large","max-video-preview":"max-video-preview:-1"},"canonical":"https:\/\/puntacanascubadiving.com\/es\/producto\/charter-buceo-medio-dia-2-tanques\/","og_locale":"es_ES","og_type":"article","og_title":"Half Day Private Dive Charter Bayahibe","og_description":"Experience the Best Private Half Day Dive Charter in Bayahibe and Explore the best dive sites. Enjoy longer bottom times & VIP Service","og_url":"https:\/\/puntacanascubadiving.com\/es\/producto\/charter-buceo-medio-dia-2-tanques\/","og_site_name":"Punta Cana Scuba Diving","article_publisher":"https:\/\/www.facebook.com\/puntacanascubadiving","article_modified_time":"2025-02-12T23:14:37+00:00","og_image":[{"width":1000,"height":750,"url":"https:\/\/puntacanascubadiving.com\/wp-content\/uploads\/2024\/02\/Best-Saona-Island-Snorkeling-Charter.png","type":"image\/png"}],"twitter_card":"summary_large_image","twitter_misc":{"Est. reading time":"2 minutos"},"schema":{"@context":"https:\/\/schema.org","@graph":[{"@type":"WebPage","@id":"https:\/\/puntacanascubadiving.com\/product\/half-day-2-tank-dive-charter\/","url":"https:\/\/puntacanascubadiving.com\/product\/half-day-2-tank-dive-charter\/","name":"Charter Privado de Medio D\u00eda de Buceo e Bayahibe","isPartOf":{"@id":"https:\/\/puntacanascubadiving.com\/#website"},"primaryImageOfPage":{"@id":"https:\/\/puntacanascubadiving.com\/product\/half-day-2-tank-dive-charter\/#primaryimage"},"image":{"@id":"https:\/\/puntacanascubadiving.com\/product\/half-day-2-tank-dive-charter\/#primaryimage"},"thumbnailUrl":"https:\/\/puntacanascubadiving.com\/wp-content\/uploads\/2024\/02\/best-saona-island-snorkeling-charter.png","datePublished":"2024-02-23T03:20:35+00:00","dateModified":"2025-02-12T23:14:37+00:00","description":"Experimente el mejor Charter Privado de Buceo de Medio D\u00eda en Bayahibe.","breadcrumb":{"@id":"https:\/\/puntacanascubadiving.com\/product\/half-day-2-tank-dive-charter\/#breadcrumb"},"inLanguage":"es-DO","potentialAction":[{"@type":"ReadAction","target":["https:\/\/puntacanascubadiving.com\/product\/half-day-2-tank-dive-charter\/"]}]},{"@type":"ImageObject","inLanguage":"es-DO","@id":"https:\/\/puntacanascubadiving.com\/product\/half-day-2-tank-dive-charter\/#primaryimage","url":"https:\/\/puntacanascubadiving.com\/wp-content\/uploads\/2024\/02\/best-saona-island-snorkeling-charter.png","contentUrl":"https:\/\/puntacanascubadiving.com\/wp-content\/uploads\/2024\/02\/best-saona-island-snorkeling-charter.png","width":1000,"height":750,"caption":"best saona island snorkeling charter"},{"@type":"BreadcrumbList","@id":"https:\/\/puntacanascubadiving.com\/product\/half-day-2-tank-dive-charter\/#breadcrumb","itemListElement":[{"@type":"ListItem","position":1,"name":"Home","item":"https:\/\/puntacanascubadiving.com\/"},{"@type":"ListItem","position":2,"name":"Half Day Private Dive Charter Bayahibe"}]},{"@type":"WebSite","@id":"https:\/\/puntacanascubadiving.com\/#website","url":"https:\/\/puntacanascubadiving.com\/","name":"Punta Cana Scuba Diving","description":"Una empresa de El Tour Caribe","publisher":{"@id":"https:\/\/puntacanascubadiving.com\/#organization"},"potentialAction":[{"@type":"SearchAction","target":{"@type":"EntryPoint","urlTemplate":"https:\/\/puntacanascubadiving.com\/?s={search_term_string}"},"query-input":{"@type":"PropertyValueSpecification","valueRequired":true,"valueName":"search_term_string"}}],"inLanguage":"es-DO"},{"@type":"Organization","@id":"https:\/\/puntacanascubadiving.com\/#organization","name":"Punta Cana Scuba Diving","url":"https:\/\/puntacanascubadiving.com\/","logo":{"@type":"ImageObject","inLanguage":"es-DO","@id":"https:\/\/puntacanascubadiving.com\/#\/schema\/logo\/image\/","url":"https:\/\/puntacanascubadiving.com\/wp-content\/uploads\/2024\/02\/etc-logo-dark-with-blue-turtle-01-600-pxs.png","contentUrl":"https:\/\/puntacanascubadiving.com\/wp-content\/uploads\/2024\/02\/etc-logo-dark-with-blue-turtle-01-600-pxs.png","width":600,"height":600,"caption":"Punta Cana Scuba Diving"},"image":{"@id":"https:\/\/puntacanascubadiving.com\/#\/schema\/logo\/image\/"},"sameAs":["https:\/\/www.facebook.com\/puntacanascubadiving","https:\/\/www.instagram.com\/puntacanascubadiving\/"]}]}},"_links":{"self":[{"href":"https:\/\/puntacanascubadiving.com\/es\/wp-json\/wp\/v2\/product\/15608","targetHints":{"allow":["GET"]}}],"collection":[{"href":"https:\/\/puntacanascubadiving.com\/es\/wp-json\/wp\/v2\/product"}],"about":[{"href":"https:\/\/puntacanascubadiving.com\/es\/wp-json\/wp\/v2\/types\/product"}],"author":[{"embeddable":true,"href":"https:\/\/puntacanascubadiving.com\/es\/wp-json\/wp\/v2\/users\/6"}],"version-history":[{"count":0,"href":"https:\/\/puntacanascubadiving.com\/es\/wp-json\/wp\/v2\/product\/15608\/revisions"}],"wp:featuredmedia":[{"embeddable":true,"href":"https:\/\/puntacanascubadiving.com\/es\/wp-json\/wp\/v2\/media\/15552"}],"wp:attachment":[{"href":"https:\/\/puntacanascubadiving.com\/es\/wp-json\/wp\/v2\/media?parent=15608"}],"wp:term":[{"taxonomy":"category","embeddable":true,"href":"https:\/\/puntacanascubadiving.com\/es\/wp-json\/wp\/v2\/categories?post=15608"},{"taxonomy":"post_tag","embeddable":true,"href":"https:\/\/puntacanascubadiving.com\/es\/wp-json\/wp\/v2\/tags?post=15608"}],"curies":[{"name":"wp","href":"https:\/\/api.w.org\/{rel}","templated":true}]}}