{"id":15604,"date":"2024-02-23T04:50:38","date_gmt":"2024-02-22T18:50:38","guid":{"rendered":"https:\/\/puntacanascubadiving.com\/?post_type=product&#038;p=15604"},"modified":"2026-02-22T12:59:56","modified_gmt":"2026-02-22T16:59:56","slug":"tour-buceo-tiburones-punta-cana","status":"publish","type":"product","link":"https:\/\/puntacanascubadiving.com\/es\/producto\/tour-buceo-tiburones-punta-cana\/","title":{"rendered":"Charter Privado de Buceo con Tiburones en Punta Cana"},"content":{"rendered":"<div class=\"fusion-fullwidth fullwidth-box fusion-builder-row-1 fusion-flex-container has-pattern-background has-mask-background nonhundred-percent-fullwidth non-hundred-percent-height-scrolling\" style=\"--awb-border-radius-top-left:0px;--awb-border-radius-top-right:0px;--awb-border-radius-bottom-right:0px;--awb-border-radius-bottom-left:0px;--awb-padding-top:0px;--awb-padding-right:0px;--awb-padding-bottom:0px;--awb-padding-left:0px;--awb-background-color:var(--awb-color1);--awb-flex-wrap:wrap;\" ><div class=\"fusion-builder-row fusion-row fusion-flex-align-items-flex-start fusion-flex-content-wrap\" style=\"max-width:1248px;margin-left: calc(-4% \/ 2 );margin-right: calc(-4% \/ 2 );\"><div class=\"fusion-layout-column fusion_builder_column fusion-builder-column-0 fusion_builder_column_1_2 1_2 fusion-flex-column fusion-flex-align-self-stretch\" style=\"--awb-padding-top:30px;--awb-padding-right:30px;--awb-padding-bottom:30px;--awb-padding-left:30px;--awb-overflow:hidden;--awb-bg-color:#f2f5fa;--awb-bg-color-hover:#f2f5fa;--awb-bg-size:cover;--awb-border-radius:5px 5px 5px 5px;--awb-width-large:50%;--awb-margin-top-large:0px;--awb-spacing-right-large:3.84%;--awb-margin-bottom-large:20px;--awb-spacing-left-large:3.84%;--awb-width-medium:50%;--awb-order-medium:0;--awb-spacing-right-medium:3.84%;--awb-spacing-left-medium:3.84%;--awb-width-small:100%;--awb-order-small:0;--awb-spacing-right-small:1.92%;--awb-spacing-left-small:1.92%;\"><div class=\"fusion-column-wrapper fusion-column-has-shadow fusion-flex-justify-content-flex-start fusion-content-layout-column\"><div class=\"fusion-title title fusion-title-1 fusion-sep-none fusion-title-text fusion-title-size-four\"><h4 class=\"fusion-title-heading title-heading-left fusion-responsive-typography-calculated\" style=\"margin:0;--fontSize:24;line-height:var(--awb-typography1-line-height);\">Qu\u00e9 esperar en el mejor tour con tiburones en Punta Cana<\/h4><\/div><div class=\"fusion-text fusion-text-1\"><ul>\n<li>Un corto viaje en bote hasta el sitio de buceo.<\/li>\n<li>Una inmersi\u00f3n guiada a una profundidad m\u00e1xima de 30 metros.<\/li>\n<li>La oportunidad de ver tiburones de arrecife y tiburones nodriza.<\/li>\n<li>Una experiencia educativa sobre estas asombrosas criaturas.<\/li>\n<\/ul>\n<\/div><div class=\"fusion-title title fusion-title-2 fusion-sep-none fusion-title-text fusion-title-size-four\"><h4 class=\"fusion-title-heading title-heading-left fusion-responsive-typography-calculated\" style=\"margin:0;--fontSize:24;line-height:var(--awb-typography1-line-height);\">Esto es lo que est\u00e1 incluido:<\/h4><\/div><div class=\"fusion-text fusion-text-2\"><ul>\n<li>Tu certificado de buceo<\/li>\n<li>Una c\u00e1mara resistente al agua<\/li>\n<li>protector solar<\/li>\n<li>Un sombrero<\/li>\n<\/ul>\n<\/div><\/div><\/div><div class=\"fusion-layout-column fusion_builder_column fusion-builder-column-1 fusion_builder_column_1_2 1_2 fusion-flex-column fusion-flex-align-self-stretch\" style=\"--awb-padding-top:30px;--awb-padding-right:30px;--awb-padding-bottom:30px;--awb-padding-left:30px;--awb-overflow:hidden;--awb-bg-color:#f2f5fa;--awb-bg-color-hover:#f2f5fa;--awb-bg-size:cover;--awb-border-radius:5px 5px 5px 5px;--awb-width-large:50%;--awb-margin-top-large:0px;--awb-spacing-right-large:3.84%;--awb-margin-bottom-large:20px;--awb-spacing-left-large:3.84%;--awb-width-medium:50%;--awb-order-medium:0;--awb-spacing-right-medium:3.84%;--awb-spacing-left-medium:3.84%;--awb-width-small:100%;--awb-order-small:0;--awb-spacing-right-small:1.92%;--awb-spacing-left-small:1.92%;\"><div class=\"fusion-column-wrapper fusion-column-has-shadow fusion-flex-justify-content-flex-start fusion-content-layout-column\"><div class=\"fusion-title title fusion-title-3 fusion-sep-none fusion-title-text fusion-title-size-four\"><h4 class=\"fusion-title-heading title-heading-left fusion-responsive-typography-calculated\" style=\"margin:0;--fontSize:24;line-height:var(--awb-typography1-line-height);\">Esto es lo que est\u00e1 incluido:<\/h4><\/div><div class=\"fusion-text fusion-text-3\"><ul>\n<li>Traslados desde y hacia su hotel.<\/li>\n<li>Todo el equipo de buceo.<\/li>\n<li>Gu\u00eda de buceo profesional.<\/li>\n<li>Aperitivo ligero<\/li>\n<li>Agua y refrescos<\/li>\n<li>1 inmersi\u00f3n profunda con tiburones<\/li>\n<\/ul>\n<\/div><\/div><\/div><div class=\"fusion-layout-column fusion_builder_column fusion-builder-column-2 fusion_builder_column_1_1 1_1 fusion-flex-column\" style=\"--awb-bg-size:cover;--awb-width-large:100%;--awb-margin-top-large:0px;--awb-spacing-right-large:1.92%;--awb-margin-bottom-large:20px;--awb-spacing-left-large:1.92%;--awb-width-medium:100%;--awb-order-medium:0;--awb-spacing-right-medium:1.92%;--awb-spacing-left-medium:1.92%;--awb-width-small:100%;--awb-order-small:0;--awb-spacing-right-small:1.92%;--awb-spacing-left-small:1.92%;\"><div class=\"fusion-column-wrapper fusion-column-has-shadow fusion-flex-justify-content-flex-start fusion-content-layout-column\"><div class=\"fusion-text fusion-text-4\"><p>Disfrute del mejor Tour de Buceo con Tiburones en Punta Cana con El Tour Caribe. A solo un corto trayecto en barco desde la costa, se encuentra un sitio de buceo pr\u00edstino donde abundan los tiburones de arrecife del Caribe y los tiburones gata (nodriza). Lo crea o no, Punta Cana es un lugar incre\u00edble para ver a estas asombrosas criaturas en su h\u00e1bitat natural.<\/p>\n<h4>\u00bfC\u00f3mo ser\u00e1 el itinerario de su mejor Tour de Buceo con Tiburones en Punta Cana?<\/h4>\n<p>Se le trasladar\u00e1 desde su hotel hasta la playa, donde subir\u00e1 a bordo de la embarcaci\u00f3n. Desde all\u00ed, disfrutar\u00e1 de un corto trayecto en barco hasta el arrecife.<\/p>\n<p>Ubicado a unos 25 metros bajo la superficie en mar abierto, se accede al punto de buceo descendiendo lentamente hacia el arrecife. Por lo tanto, no hay l\u00ednea de ancla en este lugar y debe sentirse c\u00f3modo realizando un descenso libre. La mayor\u00eda de las veces, el agua es muy cristalina y la visibilidad suele ser bastante buena. Como los depredadores alfa del mar, los tiburones de arrecife se encuentran normalmente patrullando el arrecife, mientras que es m\u00e1s probable encontrar a los tiburones gata (nodriza) descansando en la arena. Realizar\u00e1 una inmersi\u00f3n en este sitio y regresar\u00e1 a la costa.<\/p>\n<h4>Una nota sobre los tiburones<\/h4>\n<p>Los tiburones de arrecife del Caribe y los tiburones gata (nodriza) no son agresivos. Adem\u00e1s, en este sitio, est\u00e1n acostumbrados a ver buceadores. Sin embargo, es importante que usted y todos los buceadores los respeten y mantengan una distancia segura. Como pr\u00e1ctica de seguridad, nunca debe tocar a un tibur\u00f3n, ni nadar por encima o entre ellos.<\/p>\n<p>No se pierda esta gran oportunidad de ver de cerca a estas asombrosas criaturas y aprender m\u00e1s sobre ellas. Con nuestros gu\u00edas experimentados, podr\u00e1 disfrutar de una experiencia de buceo con tiburones segura e inolvidable.<\/p>\n<p>Este es un tour de medio d\u00eda y solo est\u00e1 disponible por las ma\u00f1anas. Usted <strong>debe ser <a href=\"https:\/\/puntacanascubadiving.com\/es\/cursos\/curso-buceo-avanzado-aguas-abiertas\/\">Buceador Avanzado<\/a><\/strong> o de nivel superior para poder participar. Se requiere un m\u00ednimo de 2 buceadores para que el viaje se lleve a cabo.<\/p>\n<p>Tenga en cuenta que, a diferencia de todas nuestras otras ofertas, esta es <strong>NO ES UN TOUR PRIVADO<\/strong>. Habr\u00e1 otros buceadores en este tour de buceo con tiburones en Punta Cana.<\/p>\n<\/div><!-- FareHarbor calendar of item #607946 -->\n<script src=\"https:\/\/fareharbor.com\/embeds\/script\/calendar\/puntacanascubadiving\/items\/607946\/?fallback=simple&full-items=yes&flow=no\"><\/script>\n\n<script>\njQuery(document).ready(function($){\nvar fhCal = $('.fareharbor-calendar-wrap');\n$('.fusion-column-wrapper > .js > form').replaceWith(fhCal);\n});\n<\/script><\/div><\/div><div class=\"fusion-layout-column fusion_builder_column fusion-builder-column-3 fusion_builder_column_1_1 1_1 fusion-flex-column highlight-box\" style=\"--awb-padding-top:30px;--awb-padding-right:30px;--awb-padding-bottom:30px;--awb-padding-left:30px;--awb-padding-top-small:15px;--awb-padding-right-small:15px;--awb-padding-bottom-small:15px;--awb-padding-left-small:15px;--awb-overflow:hidden;--awb-bg-color:var(--awb-color3);--awb-bg-color-hover:var(--awb-color3);--awb-bg-size:cover;--awb-border-radius:3px 3px 3px 3px;--awb-width-large:100%;--awb-margin-top-large:0px;--awb-spacing-right-large:1.92%;--awb-margin-bottom-large:0px;--awb-spacing-left-large:1.92%;--awb-width-medium:100%;--awb-order-medium:0;--awb-spacing-right-medium:1.92%;--awb-spacing-left-medium:1.92%;--awb-width-small:100%;--awb-order-small:0;--awb-spacing-right-small:1.92%;--awb-margin-bottom-small:0;--awb-spacing-left-small:1.92%;\"><div class=\"fusion-column-wrapper fusion-column-has-shadow fusion-flex-justify-content-flex-start fusion-content-layout-column\"><div class=\"fusion-text fusion-text-5\" style=\"--awb-text-color:var(--awb-color1);\"><p>Nuestro tour de buceo con tiburones es el \u00fanico que ofrecemos en el lado del Atl\u00e1ntico del pa\u00eds. Como tal, est\u00e1 sujeto a las condiciones del mar. Le sugerimos reservar esta actividad para uno de sus primeros d\u00edas aqu\u00ed; de esta manera, si necesitamos reprogramar debido al clima, tendremos tiempo para hacerlo.<\/p>\n<\/div><\/div><\/div><\/div><\/div>","protected":false},"excerpt":{"rendered":"","protected":false},"author":6,"featured_media":15475,"menu_order":0,"template":"","format":"standard","meta":{"_acf_changed":false,"footnotes":""},"categories":[51],"tags":[53],"class_list":["post-15604","product","type-product","status-publish","format-standard","has-post-thumbnail","hentry","category-half-day-dive-charters","tag-shark-diving-tour"],"acf":[],"yoast_head":"<!-- This site is optimized with the Yoast SEO Premium plugin v25.0 (Yoast SEO v27.2) - https:\/\/yoast.com\/product\/yoast-seo-premium-wordpress\/ -->\n<title>Best Shark Diving Tour in Punta Cana - Punta Cana Scuba Diving<\/title>\n<meta name=\"description\" content=\"This is the best shark diving tour in Punta Cana. It is an adrenaline-pumping experience. Dive with reef sharks in the Dominican Republic.\" \/>\n<meta name=\"robots\" content=\"index, follow, max-snippet:-1, max-image-preview:large, max-video-preview:-1\" \/>\n<link rel=\"canonical\" href=\"https:\/\/puntacanascubadiving.com\/es\/producto\/tour-buceo-tiburones-punta-cana\/\" \/>\n<meta property=\"og:locale\" content=\"es_ES\" \/>\n<meta property=\"og:type\" content=\"article\" \/>\n<meta property=\"og:title\" content=\"Shark Diving Tour in Punta Cana\" \/>\n<meta property=\"og:description\" content=\"This is the best shark diving tour in Punta Cana. It is an adrenaline-pumping experience. Dive with reef sharks in the Dominican Republic.\" \/>\n<meta property=\"og:url\" content=\"https:\/\/puntacanascubadiving.com\/es\/producto\/tour-buceo-tiburones-punta-cana\/\" \/>\n<meta property=\"og:site_name\" content=\"Punta Cana Scuba Diving\" \/>\n<meta property=\"article:publisher\" content=\"https:\/\/www.facebook.com\/puntacanascubadiving\" \/>\n<meta property=\"article:modified_time\" content=\"2026-02-22T16:59:56+00:00\" \/>\n<meta property=\"og:image\" content=\"https:\/\/puntacanascubadiving.com\/wp-content\/uploads\/2024\/02\/best-shark-photos-4.jpg\" \/>\n\t<meta property=\"og:image:width\" content=\"1600\" \/>\n\t<meta property=\"og:image:height\" content=\"900\" \/>\n\t<meta property=\"og:image:type\" content=\"image\/jpeg\" \/>\n<meta name=\"twitter:card\" content=\"summary_large_image\" \/>\n<meta name=\"twitter:label1\" content=\"Est. reading time\" \/>\n\t<meta name=\"twitter:data1\" content=\"6 minutos\" \/>\n<script type=\"application\/ld+json\" class=\"yoast-schema-graph\">{\"@context\":\"https:\/\/schema.org\",\"@graph\":[{\"@type\":\"WebPage\",\"@id\":\"https:\/\/puntacanascubadiving.com\/product\/shark-diving-tour-punta-cana\/\",\"url\":\"https:\/\/puntacanascubadiving.com\/product\/shark-diving-tour-punta-cana\/\",\"name\":\"Best Shark Diving Tour in Punta Cana - Punta Cana Scuba Diving\",\"isPartOf\":{\"@id\":\"https:\/\/puntacanascubadiving.com\/#website\"},\"primaryImageOfPage\":{\"@id\":\"https:\/\/puntacanascubadiving.com\/product\/shark-diving-tour-punta-cana\/#primaryimage\"},\"image\":{\"@id\":\"https:\/\/puntacanascubadiving.com\/product\/shark-diving-tour-punta-cana\/#primaryimage\"},\"thumbnailUrl\":\"https:\/\/puntacanascubadiving.com\/wp-content\/uploads\/2024\/02\/best-shark-photos-4.jpg\",\"datePublished\":\"2024-02-22T18:50:38+00:00\",\"dateModified\":\"2026-02-22T16:59:56+00:00\",\"description\":\"This is the best shark diving tour in Punta Cana. It is an adrenaline-pumping experience. Dive with reef sharks in the Dominican Republic.\",\"breadcrumb\":{\"@id\":\"https:\/\/puntacanascubadiving.com\/product\/shark-diving-tour-punta-cana\/#breadcrumb\"},\"inLanguage\":\"es-DO\",\"potentialAction\":[{\"@type\":\"ReadAction\",\"target\":[\"https:\/\/puntacanascubadiving.com\/product\/shark-diving-tour-punta-cana\/\"]}]},{\"@type\":\"ImageObject\",\"inLanguage\":\"es-DO\",\"@id\":\"https:\/\/puntacanascubadiving.com\/product\/shark-diving-tour-punta-cana\/#primaryimage\",\"url\":\"https:\/\/puntacanascubadiving.com\/wp-content\/uploads\/2024\/02\/best-shark-photos-4.jpg\",\"contentUrl\":\"https:\/\/puntacanascubadiving.com\/wp-content\/uploads\/2024\/02\/best-shark-photos-4.jpg\",\"width\":1600,\"height\":900,\"caption\":\"best shark photos\"},{\"@type\":\"BreadcrumbList\",\"@id\":\"https:\/\/puntacanascubadiving.com\/product\/shark-diving-tour-punta-cana\/#breadcrumb\",\"itemListElement\":[{\"@type\":\"ListItem\",\"position\":1,\"name\":\"Home\",\"item\":\"https:\/\/puntacanascubadiving.com\/\"},{\"@type\":\"ListItem\",\"position\":2,\"name\":\"Shark Diving Tour in Punta Cana\"}]},{\"@type\":\"WebSite\",\"@id\":\"https:\/\/puntacanascubadiving.com\/#website\",\"url\":\"https:\/\/puntacanascubadiving.com\/\",\"name\":\"Punta Cana Scuba Diving\",\"description\":\"An El Tour Caribe Company\",\"publisher\":{\"@id\":\"https:\/\/puntacanascubadiving.com\/#organization\"},\"potentialAction\":[{\"@type\":\"SearchAction\",\"target\":{\"@type\":\"EntryPoint\",\"urlTemplate\":\"https:\/\/puntacanascubadiving.com\/?s={search_term_string}\"},\"query-input\":{\"@type\":\"PropertyValueSpecification\",\"valueRequired\":true,\"valueName\":\"search_term_string\"}}],\"inLanguage\":\"es-DO\"},{\"@type\":\"Organization\",\"@id\":\"https:\/\/puntacanascubadiving.com\/#organization\",\"name\":\"Punta Cana Scuba Diving\",\"url\":\"https:\/\/puntacanascubadiving.com\/\",\"logo\":{\"@type\":\"ImageObject\",\"inLanguage\":\"es-DO\",\"@id\":\"https:\/\/puntacanascubadiving.com\/#\/schema\/logo\/image\/\",\"url\":\"https:\/\/puntacanascubadiving.com\/wp-content\/uploads\/2024\/02\/etc-logo-dark-with-blue-turtle-01-600-pxs.png\",\"contentUrl\":\"https:\/\/puntacanascubadiving.com\/wp-content\/uploads\/2024\/02\/etc-logo-dark-with-blue-turtle-01-600-pxs.png\",\"width\":600,\"height\":600,\"caption\":\"Punta Cana Scuba Diving\"},\"image\":{\"@id\":\"https:\/\/puntacanascubadiving.com\/#\/schema\/logo\/image\/\"},\"sameAs\":[\"https:\/\/www.facebook.com\/puntacanascubadiving\",\"https:\/\/www.instagram.com\/puntacanascubadiving\/\"]}]}<\/script>\n<!-- \/ Yoast SEO Premium plugin. -->","yoast_head_json":{"title":"Tour de buceo con tiburones  - Punta Cana Scuba Diving","description":"El mejor tour de buceo con tiburones en Punta Cana. Es una experiencia cargada de adrenalina. Bucee con tiburones de arrecife en la Rep\u00fablica Dominicana.","robots":{"index":"index","follow":"follow","max-snippet":"max-snippet:-1","max-image-preview":"max-image-preview:large","max-video-preview":"max-video-preview:-1"},"canonical":"https:\/\/puntacanascubadiving.com\/es\/producto\/tour-buceo-tiburones-punta-cana\/","og_locale":"es_ES","og_type":"article","og_title":"Shark Diving Tour in Punta Cana","og_description":"This is the best shark diving tour in Punta Cana. It is an adrenaline-pumping experience. Dive with reef sharks in the Dominican Republic.","og_url":"https:\/\/puntacanascubadiving.com\/es\/producto\/tour-buceo-tiburones-punta-cana\/","og_site_name":"Punta Cana Scuba Diving","article_publisher":"https:\/\/www.facebook.com\/puntacanascubadiving","article_modified_time":"2026-02-22T16:59:56+00:00","og_image":[{"width":1600,"height":900,"url":"https:\/\/puntacanascubadiving.com\/wp-content\/uploads\/2024\/02\/best-shark-photos-4.jpg","type":"image\/jpeg"}],"twitter_card":"summary_large_image","twitter_misc":{"Est. reading time":"6 minutos"},"schema":{"@context":"https:\/\/schema.org","@graph":[{"@type":"WebPage","@id":"https:\/\/puntacanascubadiving.com\/product\/shark-diving-tour-punta-cana\/","url":"https:\/\/puntacanascubadiving.com\/product\/shark-diving-tour-punta-cana\/","name":"Tour de buceo con tiburones  - Punta Cana Scuba Diving","isPartOf":{"@id":"https:\/\/puntacanascubadiving.com\/#website"},"primaryImageOfPage":{"@id":"https:\/\/puntacanascubadiving.com\/product\/shark-diving-tour-punta-cana\/#primaryimage"},"image":{"@id":"https:\/\/puntacanascubadiving.com\/product\/shark-diving-tour-punta-cana\/#primaryimage"},"thumbnailUrl":"https:\/\/puntacanascubadiving.com\/wp-content\/uploads\/2024\/02\/best-shark-photos-4.jpg","datePublished":"2024-02-22T18:50:38+00:00","dateModified":"2026-02-22T16:59:56+00:00","description":"El mejor tour de buceo con tiburones en Punta Cana. Es una experiencia cargada de adrenalina. Bucee con tiburones de arrecife en la Rep\u00fablica Dominicana.","breadcrumb":{"@id":"https:\/\/puntacanascubadiving.com\/product\/shark-diving-tour-punta-cana\/#breadcrumb"},"inLanguage":"es-DO","potentialAction":[{"@type":"ReadAction","target":["https:\/\/puntacanascubadiving.com\/product\/shark-diving-tour-punta-cana\/"]}]},{"@type":"ImageObject","inLanguage":"es-DO","@id":"https:\/\/puntacanascubadiving.com\/product\/shark-diving-tour-punta-cana\/#primaryimage","url":"https:\/\/puntacanascubadiving.com\/wp-content\/uploads\/2024\/02\/best-shark-photos-4.jpg","contentUrl":"https:\/\/puntacanascubadiving.com\/wp-content\/uploads\/2024\/02\/best-shark-photos-4.jpg","width":1600,"height":900,"caption":"best shark photos"},{"@type":"BreadcrumbList","@id":"https:\/\/puntacanascubadiving.com\/product\/shark-diving-tour-punta-cana\/#breadcrumb","itemListElement":[{"@type":"ListItem","position":1,"name":"Home","item":"https:\/\/puntacanascubadiving.com\/"},{"@type":"ListItem","position":2,"name":"Shark Diving Tour in Punta Cana"}]},{"@type":"WebSite","@id":"https:\/\/puntacanascubadiving.com\/#website","url":"https:\/\/puntacanascubadiving.com\/","name":"Punta Cana Scuba Diving","description":"Una empresa de El Tour Caribe","publisher":{"@id":"https:\/\/puntacanascubadiving.com\/#organization"},"potentialAction":[{"@type":"SearchAction","target":{"@type":"EntryPoint","urlTemplate":"https:\/\/puntacanascubadiving.com\/?s={search_term_string}"},"query-input":{"@type":"PropertyValueSpecification","valueRequired":true,"valueName":"search_term_string"}}],"inLanguage":"es-DO"},{"@type":"Organization","@id":"https:\/\/puntacanascubadiving.com\/#organization","name":"Punta Cana Scuba Diving","url":"https:\/\/puntacanascubadiving.com\/","logo":{"@type":"ImageObject","inLanguage":"es-DO","@id":"https:\/\/puntacanascubadiving.com\/#\/schema\/logo\/image\/","url":"https:\/\/puntacanascubadiving.com\/wp-content\/uploads\/2024\/02\/etc-logo-dark-with-blue-turtle-01-600-pxs.png","contentUrl":"https:\/\/puntacanascubadiving.com\/wp-content\/uploads\/2024\/02\/etc-logo-dark-with-blue-turtle-01-600-pxs.png","width":600,"height":600,"caption":"Punta Cana Scuba Diving"},"image":{"@id":"https:\/\/puntacanascubadiving.com\/#\/schema\/logo\/image\/"},"sameAs":["https:\/\/www.facebook.com\/puntacanascubadiving","https:\/\/www.instagram.com\/puntacanascubadiving\/"]}]}},"_links":{"self":[{"href":"https:\/\/puntacanascubadiving.com\/es\/wp-json\/wp\/v2\/product\/15604","targetHints":{"allow":["GET"]}}],"collection":[{"href":"https:\/\/puntacanascubadiving.com\/es\/wp-json\/wp\/v2\/product"}],"about":[{"href":"https:\/\/puntacanascubadiving.com\/es\/wp-json\/wp\/v2\/types\/product"}],"author":[{"embeddable":true,"href":"https:\/\/puntacanascubadiving.com\/es\/wp-json\/wp\/v2\/users\/6"}],"version-history":[{"count":0,"href":"https:\/\/puntacanascubadiving.com\/es\/wp-json\/wp\/v2\/product\/15604\/revisions"}],"wp:featuredmedia":[{"embeddable":true,"href":"https:\/\/puntacanascubadiving.com\/es\/wp-json\/wp\/v2\/media\/15475"}],"wp:attachment":[{"href":"https:\/\/puntacanascubadiving.com\/es\/wp-json\/wp\/v2\/media?parent=15604"}],"wp:term":[{"taxonomy":"category","embeddable":true,"href":"https:\/\/puntacanascubadiving.com\/es\/wp-json\/wp\/v2\/categories?post=15604"},{"taxonomy":"post_tag","embeddable":true,"href":"https:\/\/puntacanascubadiving.com\/es\/wp-json\/wp\/v2\/tags?post=15604"}],"curies":[{"name":"wp","href":"https:\/\/api.w.org\/{rel}","templated":true}]}}