{"id":15532,"date":"2024-02-08T15:32:03","date_gmt":"2024-02-08T05:32:03","guid":{"rendered":"https:\/\/puntacanascuba.wpenginepowered.com\/?page_id=15532"},"modified":"2024-02-26T13:16:22","modified_gmt":"2024-02-26T17:16:22","slug":"descargo-responsabilidad","status":"publish","type":"page","link":"https:\/\/puntacanascubadiving.com\/es\/descargo-responsabilidad\/","title":{"rendered":"Descargo de responsabilidad"},"content":{"rendered":"<div class=\"fusion-fullwidth fullwidth-box fusion-builder-row-1 fusion-flex-container has-pattern-background has-mask-background nonhundred-percent-fullwidth non-hundred-percent-height-scrolling\" style=\"--awb-border-radius-top-left:0px;--awb-border-radius-top-right:0px;--awb-border-radius-bottom-right:0px;--awb-border-radius-bottom-left:0px;--awb-padding-top-medium:50px;--awb-padding-bottom-medium:50px;--awb-padding-top-small:50px;--awb-padding-bottom-small:50px;--awb-flex-wrap:wrap;\" ><div class=\"fusion-builder-row fusion-row fusion-flex-align-items-flex-start fusion-flex-content-wrap\" style=\"max-width:1248px;margin-left: calc(-4% \/ 2 );margin-right: calc(-4% \/ 2 );\"><div class=\"fusion-layout-column fusion_builder_column fusion-builder-column-0 fusion_builder_column_1_1 1_1 fusion-flex-column disclaimer\" style=\"--awb-bg-size:cover;--awb-width-large:100%;--awb-margin-top-large:0px;--awb-spacing-right-large:1.92%;--awb-margin-bottom-large:20px;--awb-spacing-left-large:1.92%;--awb-width-medium:100%;--awb-order-medium:0;--awb-spacing-right-medium:1.92%;--awb-spacing-left-medium:1.92%;--awb-width-small:100%;--awb-order-small:0;--awb-spacing-right-small:1.92%;--awb-spacing-left-small:1.92%;\"><div class=\"fusion-column-wrapper fusion-column-has-shadow fusion-flex-justify-content-flex-start fusion-content-layout-column\"><div class=\"fusion-text fusion-text-1\"><h3>Acuerdo del Sitio Web de El Tour Caribe<\/h3>\n<p>El Sitio Web de El Tour Caribe (el \u201cSitio\u201d) es un servicio de informaci\u00f3n en l\u00ednea proporcionado por El Tour Caribe (\u201cEl Tour Caribe\u201d), sujeto al cumplimiento de los t\u00e9rminos y condiciones establecidos a continuaci\u00f3n. POR FAVOR LEA ESTE DOCUMENTO DETENIDAMENTE ANTES DE ACCEDER O UTILIZAR EL SITIO. AL ACCEDER O UTILIZAR EL SITIO, USTED ACEPTA ESTAR OBLIGADO POR LOS T\u00c9RMINOS Y CONDICIONES ESTABLECIDOS A CONTINUACI\u00d3N. SI NO DESEA ESTAR OBLIGADO POR ESTOS T\u00c9RMINOS Y CONDICIONES, NO PUEDE ACCEDER NI UTILIZAR EL SITIO. El Tour Caribe PUEDE MODIFICAR ESTE ACUERDO EN CUALQUIER MOMENTO, Y DICHAS MODIFICACIONES SER\u00c1N EFECTIVAS INMEDIATAMENTE AL PUBLICAR EL ACUERDO MODIFICADO EN EL SITIO. USTED ACEPTA REVISAR EL ACUERDO PERI\u00d3DICAMENTE PARA ESTAR CONSCIENTE DE DICHAS MODIFICACIONES Y SU CONTINUACI\u00d3N ACCESO O USO DEL SITIO SE CONSIDERAR\u00c1 SU ACEPTACI\u00d3N CONCLUSIVA DEL ACUERDO MODIFICADO.<\/p>\n<ol>\n<li>\n<h4>Derechos de autor, licencias y env\u00edos de ideas.<\/h4>\n<\/li>\n<\/ol>\n<p>Todo el contenido del Sitio est\u00e1 protegido por leyes internacionales de derechos de autor y marcas registradas. El propietario de los derechos de autor y las marcas comerciales es El Tour Caribe, sus afiliados u otros terceros otorgantes de licencias. USTED NO PUEDE MODIFICAR, COPIAR, REPRODUCIR, REPUBLICAR, CARGAR, PUBLICAR, TRANSMITIR O DISTRIBUIR, DE NINGUNA MANERA, EL MATERIAL DEL SITIO, INCLUYENDO TEXTO, GR\u00c1FICOS, C\u00d3DIGOS Y\/O SOFTWARE. Puede imprimir y descargar partes de material de las diferentes \u00e1reas del Sitio \u00fanicamente para su propio uso no comercial, siempre que acepte no cambiar ni eliminar ning\u00fan aviso de derechos de autor o de propiedad de los materiales. Usted acepta otorgar a El Tour Caribe una licencia no exclusiva, libre de regal\u00edas, mundial y perpetua, con derecho a sublicenciar, reproducir, distribuir, transmitir, crear trabajos derivados, exhibir p\u00fablicamente y ejecutar p\u00fablicamente cualquier material y otra informaci\u00f3n (incluidas, entre otras, ideas contenidas en \u00e9l para productos y servicios nuevos o mejorados) que usted env\u00ede a cualquier \u00e1rea p\u00fablica del Sitio (como tableros de anuncios, foros y grupos de noticias) o por correo electr\u00f3nico a El Tour Caribe por todos los medios y en cualquier medio conocido actualmente o desarrollado en el futuro. Tambi\u00e9n otorga a El Tour Caribe el derecho de usar su nombre en relaci\u00f3n con los materiales enviados y otra informaci\u00f3n, as\u00ed como en relaci\u00f3n con todo el material publicitario, de marketing y promocional relacionado con los mismos. Usted acepta que no tendr\u00e1 ning\u00fan recurso contra El Tour Caribe por cualquier infracci\u00f3n o apropiaci\u00f3n indebida supuesta o real de cualquier derecho de propiedad en sus comunicaciones con El Tour Caribe.<\/p>\n<p><strong>MARCAS.<\/strong><\/p>\n<p>Las publicaciones, productos, contenidos o servicios a los que se hace referencia en este documento o en el Sitio son marcas comerciales o marcas de servicio exclusivas de El Tour Caribe. Otros nombres de productos y empresas mencionados en el Sitio pueden ser marcas comerciales de sus respectivos propietarios.<\/p>\n<ol start=\"2\">\n<li>\n<h4>Uso del Sitio.<\/h4>\n<\/li>\n<\/ol>\n<p>Usted comprende que, a excepci\u00f3n de la informaci\u00f3n, productos o servicios claramente identificados como suministrados por El Tour Caribe, El Tour Caribe no opera, controla ni respalda ninguna informaci\u00f3n, productos o servicios en Internet de ninguna manera. A excepci\u00f3n de la informaci\u00f3n, productos o servicios identificados de El Tour Caribe, toda la informaci\u00f3n, productos y servicios ofrecidos a trav\u00e9s del Sitio o en Internet generalmente son ofrecidos por terceros que no est\u00e1n afiliados a El Tour Caribe. Tambi\u00e9n comprende que El Tour Caribe no puede garantizar ni garantiza que los archivos disponibles para descargar a trav\u00e9s del Sitio est\u00e9n libres de infecciones o virus, gusanos, caballos de Troya u otros c\u00f3digos que manifiesten propiedades contaminantes o destructivas. Usted es responsable de implementar suficientes procedimientos y puntos de control para satisfacer sus requisitos particulares de precisi\u00f3n de la entrada y salida de datos, y de mantener un medio externo al Sitio para la reconstrucci\u00f3n de cualquier dato perdido. USTED ASUME TOTAL RESPONSABILIDAD Y RIESGO POR SU USO DEL SITIO Y DE INTERNET. El Tour Caribe PROPORCIONA EL SITIO Y LA INFORMACI\u00d3N RELACIONADA \u201cTAL CUAL\u201d Y NO OFRECE NINGUNA GARANT\u00cdA, DECLARACI\u00d3N O RESPALDO EXPRESO O IMPL\u00cdCITO DE NING\u00daN TIPO (INCLUYENDO, SIN LIMITACI\u00d3N, GARANT\u00cdAS DE T\u00cdTULO O DE NO INFRACCI\u00d3N, O LAS GARANT\u00cdAS IMPL\u00cdCITAS DE COMERCIABILIDAD O IDONEIDAD PARA UN PROP\u00d3SITO PARTICULAR) CON RESPECTO AL SERVICIO, CUALQUIER INFORMACI\u00d3N DE MERCANC\u00cdA O SERVICIO PROPORCIONADO A TRAV\u00c9S DEL SERVICIO O EN INTERNET EN GENERAL, Y El Tour Caribe NO SER\u00c1 RESPONSABLE DE NING\u00daN COSTO O DA\u00d1O QUE SURJA DIRECTA O INDIRECTAMENTE DE DICHA TRANSACCI\u00d3N. ES EXCLUSIVAMENTE SU RESPONSABILIDAD EVALUAR LA EXACTITUD, INTEGRIDAD Y UTILIDAD DE TODAS LAS OPINIONES, CONSEJOS, SERVICIOS, MERCANC\u00cdAS Y OTRA INFORMACI\u00d3N PROPORCIONADA A TRAV\u00c9S DEL SERVICIO O EN INTERNET EN GENERAL. El Tour Caribe NO GARANTIZA QUE EL SERVICIO SER\u00c1 ININTERRUMPIDO O LIBRE DE ERRORES O QUE LOS DEFECTOS EN EL SERVICIO SER\u00c1N CORREGIDOS. USTED ENTIENDE ADEM\u00c1S QUE LA NATURALEZA PURA DE INTERNET CONTIENE MATERIALES SIN EDITAR ALGUNOS DE LOS CUALES SON SEXUALMENTE EXPL\u00cdCITOS O PUEDEN SER OFENSIVOS PARA T\u00da. SU ACCESO A DICHOS MATERIALES ES BAJO SU RIESGO. El Tour Caribe NO TIENE CONTROL NI ACEPTA RESPONSABILIDAD NINGUNA POR DICHOS MATERIALES.<\/p>\n<p><strong>LIMITACI\u00d3N DE RESPONSABILIDAD<\/strong><\/p>\n<p>EN NING\u00daN CASO El Tour Caribe SER\u00c1 RESPONSABLE DE (I) CUALQUIER DA\u00d1O INCIDENTAL, CONSECUENTE O INDIRECTO (INCLUYENDO, PERO NO LIMITADO A, DA\u00d1OS POR P\u00c9RDIDA DE GANANCIAS, INTERRUPCI\u00d3N DE NEGOCIOS, P\u00c9RDIDA DE PROGRAMAS O INFORMACI\u00d3N, Y SIMILARES) QUE SURJAN DE DEL USO O INCAPACIDAD DE UTILIZAR EL SERVICIO, O CUALQUIER INFORMACI\u00d3N O TRANSACCIONES PROPORCIONADAS EN EL SERVICIO, O DESCARGADAS DEL SERVICIO, O CUALQUIER RETRASO DE DICHA INFORMACI\u00d3N O SERVICIO. AUNQUE El Tour Caribe O SUS REPRESENTANTES AUTORIZADOS HAN SIDO ADVERTIDOS DE LA POSIBILIDAD DE TALES DA\u00d1OS, O (II) CUALQUIER RECLAMACI\u00d3N ATRIBUIBLE A ERRORES, OMISIONES U OTRAS IMPRECISIONES EN EL SERVICIO Y\/O MATERIALES O INFORMACI\u00d3N DESCARGADOS A TRAV\u00c9S DEL SERVICIO. DEBIDO A QUE ALGUNOS ESTADOS NO PERMITEN LA EXCLUSI\u00d3N O LIMITACI\u00d3N DE RESPONSABILIDAD POR DA\u00d1OS CONSECUENCIALES O INCIDENTALES, LA LIMITACI\u00d3N ANTERIOR PUEDE NO APLICARSE EN SU CASO. EN TALES ESTADOS, LA RESPONSABILIDAD DE El Tour Caribe SE LIMITA AL M\u00c1XIMO PERMITIDO POR LA LEY. El Tour Caribe no hace ninguna representaci\u00f3n sobre ning\u00fan otro sitio web al que usted pueda acceder a trav\u00e9s de este o que pueda vincularse a este Sitio. Cuando acceda a un sitio web que no sea de El Tour Caribe, comprenda que es independiente de El Tour Caribe y que El Tour Caribe no tiene control sobre el contenido de ese sitio web. Adem\u00e1s, un enlace a un sitio web de El Tour Caribe no significa que El Tour Caribe respalda o acepta ninguna responsabilidad por el contenido o el uso de dicho sitio web.<\/p>\n<ol start=\"3\">\n<li>\n<h4>Indemnizaci\u00f3n.<\/h4>\n<\/li>\n<\/ol>\n<p>Usted acepta indemnizar, defender y eximir de responsabilidad a El Tour Caribe, sus funcionarios, directores, empleados, agentes, licenciantes, proveedores y terceros proveedores de informaci\u00f3n para el Servicio de y contra todas las p\u00e9rdidas, gastos, da\u00f1os y costos, incluidos los costos razonables de los abogados. honorarios, resultantes de cualquier violaci\u00f3n de este Acuerdo (incluyendo conducta negligente o il\u00edcita) por parte de usted o de cualquier otra persona que acceda al Servicio.<\/p>\n<ol start=\"4\">\n<li>\n<h4>Derechos de terceros.<\/h4>\n<\/li>\n<\/ol>\n<p>Las disposiciones de los p\u00e1rrafos 2 (Uso del Servicio) y 3 (Indemnizaci\u00f3n) son para beneficio de El Tour Caribe y sus funcionarios, directores, empleados, agentes, licenciantes, proveedores y cualquier tercero proveedor de informaci\u00f3n del Servicio. Cada uno de estos individuos o entidades tendr\u00e1 derecho a hacer valer y hacer cumplir esas disposiciones directamente contra usted en su propio nombre.<\/p>\n<ol start=\"5\">\n<li>\n<h4>T\u00e9rmino; Terminaci\u00f3n.<\/h4>\n<\/li>\n<\/ol>\n<p>Este Acuerdo puede ser rescindido por cualquiera de las partes sin previo aviso en cualquier momento y por cualquier motivo. Las disposiciones de los p\u00e1rrafos 1 (Derechos de autor, licencias y env\u00edos de ideas), 2 (Uso del servicio), 3 (Indemnizaci\u00f3n), 4 (Derechos de terceros) y 6 (Varios) sobrevivir\u00e1n a cualquier terminaci\u00f3n de este Acuerdo.<\/p>\n<ol start=\"6\">\n<li>\n<h4>Miscel\u00e1neas.<\/h4>\n<\/li>\n<\/ol>\n<p>Este Acuerdo se regir\u00e1 e interpretar\u00e1 de acuerdo con las leyes de Australia aplicables a los acuerdos celebrados y por ejecutar en Australia. Usted acepta que cualquier acci\u00f3n o procedimiento legal entre El Tour Caribe y usted para cualquier prop\u00f3sito relacionado con este Acuerdo o las obligaciones de las partes en virtud del presente se presentar\u00e1 exclusivamente en un tribunal federal o estatal de jurisdicci\u00f3n competente con sede en Australia. Cualquier causa de acci\u00f3n o reclamo que pueda tener con respecto al Servicio debe iniciarse dentro de un (1) a\u00f1o despu\u00e9s de que surja el reclamo o causa de acci\u00f3n o dicho reclamo o causa de acci\u00f3n est\u00e9 prescrito. El hecho de que El Tour Caribe no insista o imponga el cumplimiento estricto de cualquier disposici\u00f3n de este Acuerdo no se interpretar\u00e1 como una renuncia a ninguna disposici\u00f3n o derecho. Ni el curso de conducta entre las partes ni la pr\u00e1ctica comercial actuar\u00e1n para modificar ninguna disposici\u00f3n de este Acuerdo. El Tour Caribe puede ceder sus derechos y deberes bajo este Acuerdo a cualquier parte en cualquier momento sin previo aviso. Todos los derechos no otorgados expresamente en este documento est\u00e1n reservados.<\/p>\n<p>\u00a0<\/p>\n<p>\u00a0<\/p>\n<\/div><\/div><\/div><\/div><\/div>","protected":false},"excerpt":{"rendered":"","protected":false},"author":6,"featured_media":0,"parent":0,"menu_order":0,"comment_status":"closed","ping_status":"closed","template":"100-width.php","meta":{"_acf_changed":false,"footnotes":""},"class_list":["post-15532","page","type-page","status-publish","hentry"],"acf":[],"yoast_head":"<!-- This site is optimized with the Yoast SEO Premium plugin v25.0 (Yoast SEO v27.2) - https:\/\/yoast.com\/product\/yoast-seo-premium-wordpress\/ -->\n<title>Disclaimer - Punta Cana Scuba Diving - The Best Place for Scuba Diving in Punta Cana<\/title>\n<meta name=\"robots\" content=\"index, follow, max-snippet:-1, max-image-preview:large, max-video-preview:-1\" \/>\n<link rel=\"canonical\" href=\"https:\/\/puntacanascubadiving.com\/es\/descargo-responsabilidad\/\" \/>\n<meta property=\"og:locale\" content=\"es_ES\" \/>\n<meta property=\"og:type\" content=\"article\" \/>\n<meta property=\"og:title\" content=\"Disclaimer\" \/>\n<meta property=\"og:url\" content=\"https:\/\/puntacanascubadiving.com\/es\/descargo-responsabilidad\/\" \/>\n<meta property=\"og:site_name\" content=\"Punta Cana Scuba Diving\" \/>\n<meta property=\"article:publisher\" content=\"https:\/\/www.facebook.com\/puntacanascubadiving\" \/>\n<meta property=\"article:modified_time\" content=\"2024-02-26T17:16:22+00:00\" \/>\n<meta property=\"og:image\" content=\"https:\/\/puntacanascubadiving.com\/wp-content\/uploads\/2024\/02\/beach-photos.jpg\" \/>\n\t<meta property=\"og:image:width\" content=\"1200\" \/>\n\t<meta property=\"og:image:height\" content=\"630\" \/>\n\t<meta property=\"og:image:type\" content=\"image\/jpeg\" \/>\n<meta name=\"twitter:card\" content=\"summary_large_image\" \/>\n<meta name=\"twitter:label1\" content=\"Est. reading time\" \/>\n\t<meta name=\"twitter:data1\" content=\"10 minutos\" \/>\n<script type=\"application\/ld+json\" class=\"yoast-schema-graph\">{\"@context\":\"https:\/\/schema.org\",\"@graph\":[{\"@type\":\"WebPage\",\"@id\":\"https:\/\/puntacanascubadiving.com\/disclaimer\/\",\"url\":\"https:\/\/puntacanascubadiving.com\/disclaimer\/\",\"name\":\"Disclaimer - Punta Cana Scuba Diving - The Best Place for Scuba Diving in Punta Cana\",\"isPartOf\":{\"@id\":\"https:\/\/puntacanascubadiving.com\/#website\"},\"datePublished\":\"2024-02-08T05:32:03+00:00\",\"dateModified\":\"2024-02-26T17:16:22+00:00\",\"breadcrumb\":{\"@id\":\"https:\/\/puntacanascubadiving.com\/disclaimer\/#breadcrumb\"},\"inLanguage\":\"es-DO\",\"potentialAction\":[{\"@type\":\"ReadAction\",\"target\":[\"https:\/\/puntacanascubadiving.com\/disclaimer\/\"]}]},{\"@type\":\"BreadcrumbList\",\"@id\":\"https:\/\/puntacanascubadiving.com\/disclaimer\/#breadcrumb\",\"itemListElement\":[{\"@type\":\"ListItem\",\"position\":1,\"name\":\"Home\",\"item\":\"https:\/\/puntacanascubadiving.com\/\"},{\"@type\":\"ListItem\",\"position\":2,\"name\":\"Disclaimer\"}]},{\"@type\":\"WebSite\",\"@id\":\"https:\/\/puntacanascubadiving.com\/#website\",\"url\":\"https:\/\/puntacanascubadiving.com\/\",\"name\":\"Punta Cana Scuba Diving\",\"description\":\"An El Tour Caribe Company\",\"publisher\":{\"@id\":\"https:\/\/puntacanascubadiving.com\/#organization\"},\"potentialAction\":[{\"@type\":\"SearchAction\",\"target\":{\"@type\":\"EntryPoint\",\"urlTemplate\":\"https:\/\/puntacanascubadiving.com\/?s={search_term_string}\"},\"query-input\":{\"@type\":\"PropertyValueSpecification\",\"valueRequired\":true,\"valueName\":\"search_term_string\"}}],\"inLanguage\":\"es-DO\"},{\"@type\":\"Organization\",\"@id\":\"https:\/\/puntacanascubadiving.com\/#organization\",\"name\":\"Punta Cana Scuba Diving\",\"url\":\"https:\/\/puntacanascubadiving.com\/\",\"logo\":{\"@type\":\"ImageObject\",\"inLanguage\":\"es-DO\",\"@id\":\"https:\/\/puntacanascubadiving.com\/#\/schema\/logo\/image\/\",\"url\":\"https:\/\/puntacanascubadiving.com\/wp-content\/uploads\/2024\/02\/etc-logo-dark-with-blue-turtle-01-600-pxs.png\",\"contentUrl\":\"https:\/\/puntacanascubadiving.com\/wp-content\/uploads\/2024\/02\/etc-logo-dark-with-blue-turtle-01-600-pxs.png\",\"width\":600,\"height\":600,\"caption\":\"Punta Cana Scuba Diving\"},\"image\":{\"@id\":\"https:\/\/puntacanascubadiving.com\/#\/schema\/logo\/image\/\"},\"sameAs\":[\"https:\/\/www.facebook.com\/puntacanascubadiving\",\"https:\/\/www.instagram.com\/puntacanascubadiving\/\"]}]}<\/script>\n<!-- \/ Yoast SEO Premium plugin. -->","yoast_head_json":{"title":"descargo de responsabilidad | Punta Cana Scuba Diving","robots":{"index":"index","follow":"follow","max-snippet":"max-snippet:-1","max-image-preview":"max-image-preview:large","max-video-preview":"max-video-preview:-1"},"canonical":"https:\/\/puntacanascubadiving.com\/es\/descargo-responsabilidad\/","og_locale":"es_ES","og_type":"article","og_title":"Disclaimer","og_url":"https:\/\/puntacanascubadiving.com\/es\/descargo-responsabilidad\/","og_site_name":"Punta Cana Scuba Diving","article_publisher":"https:\/\/www.facebook.com\/puntacanascubadiving","article_modified_time":"2024-02-26T17:16:22+00:00","og_image":[{"width":1200,"height":630,"url":"https:\/\/puntacanascubadiving.com\/wp-content\/uploads\/2024\/02\/beach-photos.jpg","type":"image\/jpeg"}],"twitter_card":"summary_large_image","twitter_misc":{"Est. reading time":"10 minutos"},"schema":{"@context":"https:\/\/schema.org","@graph":[{"@type":"WebPage","@id":"https:\/\/puntacanascubadiving.com\/disclaimer\/","url":"https:\/\/puntacanascubadiving.com\/disclaimer\/","name":"descargo de responsabilidad | Punta Cana Scuba Diving","isPartOf":{"@id":"https:\/\/puntacanascubadiving.com\/#website"},"datePublished":"2024-02-08T05:32:03+00:00","dateModified":"2024-02-26T17:16:22+00:00","breadcrumb":{"@id":"https:\/\/puntacanascubadiving.com\/disclaimer\/#breadcrumb"},"inLanguage":"es-DO","potentialAction":[{"@type":"ReadAction","target":["https:\/\/puntacanascubadiving.com\/disclaimer\/"]}]},{"@type":"BreadcrumbList","@id":"https:\/\/puntacanascubadiving.com\/disclaimer\/#breadcrumb","itemListElement":[{"@type":"ListItem","position":1,"name":"Home","item":"https:\/\/puntacanascubadiving.com\/"},{"@type":"ListItem","position":2,"name":"Disclaimer"}]},{"@type":"WebSite","@id":"https:\/\/puntacanascubadiving.com\/#website","url":"https:\/\/puntacanascubadiving.com\/","name":"Punta Cana Scuba Diving","description":"Una empresa de El Tour Caribe","publisher":{"@id":"https:\/\/puntacanascubadiving.com\/#organization"},"potentialAction":[{"@type":"SearchAction","target":{"@type":"EntryPoint","urlTemplate":"https:\/\/puntacanascubadiving.com\/?s={search_term_string}"},"query-input":{"@type":"PropertyValueSpecification","valueRequired":true,"valueName":"search_term_string"}}],"inLanguage":"es-DO"},{"@type":"Organization","@id":"https:\/\/puntacanascubadiving.com\/#organization","name":"Punta Cana Scuba Diving","url":"https:\/\/puntacanascubadiving.com\/","logo":{"@type":"ImageObject","inLanguage":"es-DO","@id":"https:\/\/puntacanascubadiving.com\/#\/schema\/logo\/image\/","url":"https:\/\/puntacanascubadiving.com\/wp-content\/uploads\/2024\/02\/etc-logo-dark-with-blue-turtle-01-600-pxs.png","contentUrl":"https:\/\/puntacanascubadiving.com\/wp-content\/uploads\/2024\/02\/etc-logo-dark-with-blue-turtle-01-600-pxs.png","width":600,"height":600,"caption":"Punta Cana Scuba Diving"},"image":{"@id":"https:\/\/puntacanascubadiving.com\/#\/schema\/logo\/image\/"},"sameAs":["https:\/\/www.facebook.com\/puntacanascubadiving","https:\/\/www.instagram.com\/puntacanascubadiving\/"]}]}},"_links":{"self":[{"href":"https:\/\/puntacanascubadiving.com\/es\/wp-json\/wp\/v2\/pages\/15532","targetHints":{"allow":["GET"]}}],"collection":[{"href":"https:\/\/puntacanascubadiving.com\/es\/wp-json\/wp\/v2\/pages"}],"about":[{"href":"https:\/\/puntacanascubadiving.com\/es\/wp-json\/wp\/v2\/types\/page"}],"author":[{"embeddable":true,"href":"https:\/\/puntacanascubadiving.com\/es\/wp-json\/wp\/v2\/users\/6"}],"replies":[{"embeddable":true,"href":"https:\/\/puntacanascubadiving.com\/es\/wp-json\/wp\/v2\/comments?post=15532"}],"version-history":[{"count":0,"href":"https:\/\/puntacanascubadiving.com\/es\/wp-json\/wp\/v2\/pages\/15532\/revisions"}],"wp:attachment":[{"href":"https:\/\/puntacanascubadiving.com\/es\/wp-json\/wp\/v2\/media?parent=15532"}],"curies":[{"name":"wp","href":"https:\/\/api.w.org\/{rel}","templated":true}]}}